{"id":14247,"date":"2026-05-14T22:48:54","date_gmt":"2026-05-14T19:48:54","guid":{"rendered":"https:\/\/stuudiomoobel.ee\/?post_type=product&#038;p=14247"},"modified":"2026-05-14T22:55:56","modified_gmt":"2026-05-14T19:55:56","slug":"set-eli-valkoinen-tummansininen-3-m-kopeeri","status":"publish","type":"product","link":"https:\/\/stuudiomoobel.ee\/fi\/pood\/keittiot\/keittion-kaapistojen-valinta\/eli-valkoinen-vaaleanharmaa-tummanharmaa-vaaleansininen-tummansininen\/set-eli-valkoinen-tummansininen-3-m-kopeeri\/","title":{"rendered":"Aseta ELI tummansininen 2m"},"content":{"rendered":"","protected":false},"excerpt":{"rendered":"<p>Alaosa 2 m: 15 cm:n lastikaappi, 45 cm:n integroitu uunikaappi, 50 cm:n vetolaatikko, jossa on kolme \u00e4\u00e4nett\u00f6m\u00e4sti sulkeutuvaa laatikkoa, 60 cm:n allaskaappi, jossa on avattava laatikko, 30 cm:n kaappi. Jalkojen korkeus on 82 cm ja ty\u00f6tason paksuus 3,8 cm.<\/p>\n<p>Yl\u00e4osa 2m: 60cm kaappi, 50cm kaappi, 60cm kaappi astianpesutelineell\u00e4, 30cm kaappi. Kaappien korkeus on 72 cm, syvyys 32 cm.<\/p>\n<p>Liesi aukko voidaan leikata esimerkiksi 60 cm:n ty\u00f6tasoon laatikoston yl\u00e4puolelle, ja yl\u00e4kaappiin voidaan asentaa my\u00f6s liesituuletin.<\/p>\n<p>Laatikot ja saranat sulkeutuvat hiljaisesti.<\/p>\n<p>V\u00e4rivaihtoehdot: valkoinen, vaaleanharmaa, tummanharmaa, vaaleansininen, tummansininen.<\/p>\n<p>Ty\u00f6tason vaihtoehdot: https:\/\/stuudiomoobel.ee\/tootekategooria\/koogid\/koogitasapinnad\/<\/p>\n<p>Kaapien j\u00e4rjestyst\u00e4 voidaan muuttaa.<\/p>\n<p>Hintaan ei sis\u00e4lly kodinkoneita, sekoitushanaa, pesuallasta tai takasein\u00e4\u00e4.<\/p>\n","protected":false},"featured_media":14251,"comment_status":"closed","ping_status":"closed","template":"","meta":{"inline_featured_image":false},"product_cat":[348,356],"product_tag":[],"class_list":{"0":"post-14247","1":"product","2":"type-product","3":"status-publish","4":"has-post-thumbnail","6":"product_cat-eli-valkoinen-vaaleanharmaa-tummanharmaa-vaaleansininen-tummansininen","7":"product_cat-keittiokalustesetit","9":"first","10":"instock","11":"taxable","12":"shipping-taxable","13":"purchasable","14":"product-type-simple"},"_links":{"self":[{"href":"https:\/\/stuudiomoobel.ee\/fi\/wp-json\/wp\/v2\/product\/14247","targetHints":{"allow":["GET"]}}],"collection":[{"href":"https:\/\/stuudiomoobel.ee\/fi\/wp-json\/wp\/v2\/product"}],"about":[{"href":"https:\/\/stuudiomoobel.ee\/fi\/wp-json\/wp\/v2\/types\/product"}],"replies":[{"embeddable":true,"href":"https:\/\/stuudiomoobel.ee\/fi\/wp-json\/wp\/v2\/comments?post=14247"}],"wp:featuredmedia":[{"embeddable":true,"href":"https:\/\/stuudiomoobel.ee\/fi\/wp-json\/wp\/v2\/media\/14251"}],"wp:attachment":[{"href":"https:\/\/stuudiomoobel.ee\/fi\/wp-json\/wp\/v2\/media?parent=14247"}],"wp:term":[{"taxonomy":"product_cat","embeddable":true,"href":"https:\/\/stuudiomoobel.ee\/fi\/wp-json\/wp\/v2\/product_cat?post=14247"},{"taxonomy":"product_tag","embeddable":true,"href":"https:\/\/stuudiomoobel.ee\/fi\/wp-json\/wp\/v2\/product_tag?post=14247"}],"curies":[{"name":"wp","href":"https:\/\/api.w.org\/{rel}","templated":true}]}}