{"id":14221,"date":"2026-04-24T20:44:37","date_gmt":"2026-04-24T17:44:37","guid":{"rendered":"https:\/\/stuudiomoobel.ee\/?post_type=product&#038;p=14221"},"modified":"2026-04-24T20:46:27","modified_gmt":"2026-04-24T17:46:27","slug":"aseta-lor-oliivi-3m-kopeeri","status":"publish","type":"product","link":"https:\/\/stuudiomoobel.ee\/fi\/pood\/keittiot\/keittion-kaapistojen-valinta\/lor-valkoinen-harmaa-beige-oliivi\/aseta-lor-oliivi-3m-kopeeri\/","title":{"rendered":"LOR-oliivitarjous 24.04.2026.a"},"content":{"rendered":"","protected":false},"excerpt":{"rendered":"<p><strong><u>Alaosa:  <\/u><\/strong><\/p>\n<p>60 cm:n integroitu uuni ja mikroaaltouuni,<\/p>\n<p>15cm avoin hylly,<\/p>\n<p>45 cm:n integroitu astianpesukoneen ovi,<\/p>\n<p>80cm kaappi,<\/p>\n<p>60 cm:n kolmilaatikkoinen laatikko, jossa on pehme\u00e4sti sulkeutuvat laatikot,<\/p>\n<p>40cm korkki.<\/p>\n<p>Kaapin korkeus 82 cm (syvyys 54 cm, lukuun ottamatta integroituja teknisi\u00e4 kaappeja), lis\u00e4ksi ty\u00f6taso 3,8 cm (syvyys 60 cm). LOR-malliin sis\u00e4ltyy perushylly jokaista kaappia varten. <\/p>\n<p><strong><u>Yl\u00e4osa:  <\/u><\/strong><\/p>\n<p>60 cm:n integroitu uuni ja mikroaaltouuni,<\/p>\n<p>60cm lasikaappi,<\/p>\n<p>80cm kaappi,<\/p>\n<p>60cm kaappi ilmanpuhdistimelle,<\/p>\n<p>40cm korkki.<\/p>\n<p>Kaapin korkeus 72 cm (yl\u00e4kaapit ovat my\u00f6s 94 cm korkeita).<\/p>\n<p>Laatikot ja saranat sulkeutuvat hiljaisesti.<\/p>\n<p>V\u00e4rivalikoima: valkoinen, beige, harmaa, oliivi.<\/p>\n<p>Ty\u00f6tason vaihtoehdot: https:\/\/stuudiomoobel.ee\/tootekategooria\/koogid\/koogitasapinnad\/<\/p>\n<p>Kaapien j\u00e4rjestyst\u00e4 voidaan muuttaa.<\/p>\n<p>Hintaan ei sis\u00e4lly kodinkoneita, sekoitushanaa, pesuallasta tai takasein\u00e4\u00e4.<\/p>\n","protected":false},"featured_media":0,"comment_status":"closed","ping_status":"closed","template":"","meta":{"inline_featured_image":false},"product_cat":[356,352],"product_tag":[],"class_list":{"0":"post-14221","1":"product","2":"type-product","3":"status-publish","5":"product_cat-keittiokalustesetit","6":"product_cat-lor-valkoinen-harmaa-beige-oliivi","8":"first","9":"instock","10":"taxable","11":"shipping-taxable","12":"purchasable","13":"product-type-simple"},"_links":{"self":[{"href":"https:\/\/stuudiomoobel.ee\/fi\/wp-json\/wp\/v2\/product\/14221","targetHints":{"allow":["GET"]}}],"collection":[{"href":"https:\/\/stuudiomoobel.ee\/fi\/wp-json\/wp\/v2\/product"}],"about":[{"href":"https:\/\/stuudiomoobel.ee\/fi\/wp-json\/wp\/v2\/types\/product"}],"replies":[{"embeddable":true,"href":"https:\/\/stuudiomoobel.ee\/fi\/wp-json\/wp\/v2\/comments?post=14221"}],"wp:attachment":[{"href":"https:\/\/stuudiomoobel.ee\/fi\/wp-json\/wp\/v2\/media?parent=14221"}],"wp:term":[{"taxonomy":"product_cat","embeddable":true,"href":"https:\/\/stuudiomoobel.ee\/fi\/wp-json\/wp\/v2\/product_cat?post=14221"},{"taxonomy":"product_tag","embeddable":true,"href":"https:\/\/stuudiomoobel.ee\/fi\/wp-json\/wp\/v2\/product_tag?post=14221"}],"curies":[{"name":"wp","href":"https:\/\/api.w.org\/{rel}","templated":true}]}}