{"id":14196,"date":"2026-03-24T14:57:27","date_gmt":"2026-03-24T12:57:27","guid":{"rendered":"https:\/\/stuudiomoobel.ee\/?post_type=product&#038;p=14196"},"modified":"2026-03-24T14:59:50","modified_gmt":"2026-03-24T12:59:50","slug":"integroitu-astianpesukone-45cm-candy-cdih2d949-cdih2d949-kopeeri","status":"publish","type":"product","link":"https:\/\/stuudiomoobel.ee\/fi\/pood\/kodinkoneet\/integroitu-astianpesukone-45cm-candy-cdih2d949-cdih2d949-kopeeri\/","title":{"rendered":"Integroitu astianpesukone 45cm Electrolux EEA12100L"},"content":{"rendered":"<table id=\"product-attribute-specs-table\" class=\"data-table\">\n<tbody>\n<tr class=\"first odd\">\n<th class=\"label\">Tavaramerkki<\/th>\n<td class=\"data last\">Electrolux<\/td>\n<\/tr>\n<tr class=\"even\">\n<th class=\"label\">Nettopaino (kg)<\/th>\n<td class=\"data last\">37,13 kg<\/td>\n<\/tr>\n<tr class=\"odd\">\n<th class=\"label\">Tyyppi<\/th>\n<td class=\"data last\">T\u00e4ysin integroitu 45 cm<\/td>\n<\/tr>\n<tr class=\"even\">\n<th class=\"label\">Energialuokka<\/th>\n<td class=\"data last\">F<\/td>\n<\/tr>\n<tr class=\"odd\">\n<th class=\"label\">Pesuluokka<\/th>\n<td class=\"data last\">A<\/td>\n<\/tr>\n<tr class=\"even\">\n<th class=\"label\">Kuivausluokka<\/th>\n<td class=\"data last\">A<\/td>\n<\/tr>\n<tr class=\"odd\">\n<th class=\"label\">Vedenkulutus ( l )<\/th>\n<td class=\"data last\">9,9<\/td>\n<\/tr>\n<tr class=\"even\">\n<th class=\"label\">Kapasiteetti (astiapaketit)<\/th>\n<td class=\"data last\">9<\/td>\n<\/tr>\n<tr class=\"odd\">\n<th class=\"label\">Melutaso (dB)<\/th>\n<td class=\"data last\">49<\/td>\n<\/tr>\n<tr class=\"even\">\n<th class=\"label\">Pesuohjelmien m\u00e4\u00e4r\u00e4<\/th>\n<td class=\"data last\">5<\/td>\n<\/tr>\n<tr class=\"odd\">\n<th class=\"label\">Pesul\u00e4mp\u00f6tilojen m\u00e4\u00e4r\u00e4<\/th>\n<td class=\"data last\">3<\/td>\n<\/tr>\n<tr class=\"even\">\n<th class=\"label\">S\u00e4\u00e4dett\u00e4v\u00e4 istuintuki<\/th>\n<td class=\"data last\">Osoitteessa<\/td>\n<\/tr>\n<tr class=\"odd\">\n<th class=\"label\">3 koritasoa<\/th>\n<td class=\"data last\">Ei ole<\/td>\n<\/tr>\n<tr class=\"even\">\n<th class=\"label\">Korkeus (mm)<\/th>\n<td class=\"data last\">818<\/td>\n<\/tr>\n<tr class=\"odd\">\n<th class=\"label\">Leveys (mm)<\/th>\n<td class=\"data last\">446<\/td>\n<\/tr>\n<tr class=\"even\">\n<th class=\"label\">Syvyys (mm)<\/th>\n<td class=\"data last\">550<\/td>\n<\/tr>\n<tr class=\"last odd\">\n<th class=\"label\">Sis\u00e4valaistus<\/th>\n<td class=\"data last\">Ei ole<\/td>\n<\/tr>\n<\/tbody>\n<\/table>\n","protected":false},"excerpt":{"rendered":"<p>Tavaramerkki Electrolux Nettopaino (kg) 37,13 kg Tyyppi T\u00e4ysin integroitu 45 cm Energialuokka F Pesuluokka A Kuivausluokka A Vedenkulutus ( l ) 9,9 Kapasiteetti (astiapaketit) 9 Melutaso (dB) 49 Pesuohjelmien m\u00e4\u00e4r\u00e4 5 Pesul\u00e4mp\u00f6tilojen m\u00e4\u00e4r\u00e4 3 S\u00e4\u00e4dett\u00e4v\u00e4 istuintuki Osoitteessa 3 koritasoa Ei ole Korkeus (mm) 818 Leveys (mm) 446 Syvyys (mm) 550 Sis\u00e4valaistus Ei ole<\/p>\n","protected":false},"featured_media":14200,"comment_status":"closed","ping_status":"closed","template":"","meta":{"inline_featured_image":false},"product_cat":[360],"product_tag":[],"class_list":{"0":"post-14196","1":"product","2":"type-product","3":"status-publish","4":"has-post-thumbnail","6":"product_cat-kodinkoneet","8":"first","9":"instock","10":"taxable","11":"shipping-taxable","12":"purchasable","13":"product-type-simple"},"_links":{"self":[{"href":"https:\/\/stuudiomoobel.ee\/fi\/wp-json\/wp\/v2\/product\/14196","targetHints":{"allow":["GET"]}}],"collection":[{"href":"https:\/\/stuudiomoobel.ee\/fi\/wp-json\/wp\/v2\/product"}],"about":[{"href":"https:\/\/stuudiomoobel.ee\/fi\/wp-json\/wp\/v2\/types\/product"}],"replies":[{"embeddable":true,"href":"https:\/\/stuudiomoobel.ee\/fi\/wp-json\/wp\/v2\/comments?post=14196"}],"wp:featuredmedia":[{"embeddable":true,"href":"https:\/\/stuudiomoobel.ee\/fi\/wp-json\/wp\/v2\/media\/14200"}],"wp:attachment":[{"href":"https:\/\/stuudiomoobel.ee\/fi\/wp-json\/wp\/v2\/media?parent=14196"}],"wp:term":[{"taxonomy":"product_cat","embeddable":true,"href":"https:\/\/stuudiomoobel.ee\/fi\/wp-json\/wp\/v2\/product_cat?post=14196"},{"taxonomy":"product_tag","embeddable":true,"href":"https:\/\/stuudiomoobel.ee\/fi\/wp-json\/wp\/v2\/product_tag?post=14196"}],"curies":[{"name":"wp","href":"https:\/\/api.w.org\/{rel}","templated":true}]}}