{"id":14081,"date":"2022-03-27T20:43:26","date_gmt":"2022-03-27T17:43:26","guid":{"rendered":"https:\/\/stuudiomoobel.ee\/pood\/Ei-luokiteltu\/pro-d90n-alakulmakaappi-hyllylla-90cm\/"},"modified":"2022-03-27T20:43:26","modified_gmt":"2022-03-27T17:43:26","slug":"pro-d90n-alakulmakaappi-hyllylla-90cm","status":"publish","type":"product","link":"https:\/\/stuudiomoobel.ee\/fi\/pood\/keittiot\/keittion-kaapistojen-valinta\/pro-valkoinen-puukuvio\/pro-d90n-alakulmakaappi-hyllylla-90cm\/","title":{"rendered":"Pro D90N alakulmakaappi hyllyll\u00e4 90cm"},"content":{"rendered":"","protected":false},"excerpt":{"rendered":"<p>Hinta ei sis\u00e4ll\u00e4 ty\u00f6tasoa ja sokkelia.<\/p>\n<p>S\u00e4\u00e4dett\u00e4v\u00e4t jalat.  <\/p>\n","protected":false},"featured_media":14082,"comment_status":"closed","ping_status":"closed","template":"","meta":{"inline_featured_image":false},"product_cat":[346,353],"product_tag":[],"class_list":{"0":"post-14081","1":"product","2":"type-product","3":"status-publish","4":"has-post-thumbnail","6":"product_cat-keittion-kaapistojen-valinta","7":"product_cat-pro-valkoinen-puukuvio","9":"first","10":"instock","11":"sale","12":"taxable","13":"shipping-taxable","14":"purchasable","15":"product-type-simple"},"_links":{"self":[{"href":"https:\/\/stuudiomoobel.ee\/fi\/wp-json\/wp\/v2\/product\/14081","targetHints":{"allow":["GET"]}}],"collection":[{"href":"https:\/\/stuudiomoobel.ee\/fi\/wp-json\/wp\/v2\/product"}],"about":[{"href":"https:\/\/stuudiomoobel.ee\/fi\/wp-json\/wp\/v2\/types\/product"}],"replies":[{"embeddable":true,"href":"https:\/\/stuudiomoobel.ee\/fi\/wp-json\/wp\/v2\/comments?post=14081"}],"wp:featuredmedia":[{"embeddable":true,"href":"https:\/\/stuudiomoobel.ee\/fi\/wp-json\/wp\/v2\/media\/14082"}],"wp:attachment":[{"href":"https:\/\/stuudiomoobel.ee\/fi\/wp-json\/wp\/v2\/media?parent=14081"}],"wp:term":[{"taxonomy":"product_cat","embeddable":true,"href":"https:\/\/stuudiomoobel.ee\/fi\/wp-json\/wp\/v2\/product_cat?post=14081"},{"taxonomy":"product_tag","embeddable":true,"href":"https:\/\/stuudiomoobel.ee\/fi\/wp-json\/wp\/v2\/product_tag?post=14081"}],"curies":[{"name":"wp","href":"https:\/\/api.w.org\/{rel}","templated":true}]}}