{"id":14075,"date":"2022-03-24T15:22:23","date_gmt":"2022-03-24T13:22:23","guid":{"rendered":"https:\/\/stuudiomoobel.ee\/pood\/Ei-luokiteltu\/keittiokalustesarja-pro-24x15m-kulma\/"},"modified":"2022-03-24T15:22:23","modified_gmt":"2022-03-24T13:22:23","slug":"keittiokalustesarja-pro-24x15m-kulma","status":"publish","type":"product","link":"https:\/\/stuudiomoobel.ee\/fi\/pood\/keittiot\/keittiokalustesetit\/keittiokalustesarja-pro-24x15m-kulma\/","title":{"rendered":"Keitti\u00f6kalustesarja PRO 2,4&#215;1,5m, kulma"},"content":{"rendered":"","protected":false},"excerpt":{"rendered":"<p>Materiaali: ovet MDF-levy\u00e4, jossa on rakenteellinen melamiinipinnoite, runko melamiinia.  <\/p>\n<p>S\u00e4\u00e4dett\u00e4v\u00e4t jalat ja pehme\u00e4sti sulkeutuvat saranat.<\/p>\n<p>Alaosa 2,4 m: 60 cm:n integroitu uunikaappi, 80 cm:n laatikosto, 10 cm:n rako (telineelle), 90 cm:n kulmakaappi.<br \/>\nAlaosa 1,5 m: 90 cm:n kulmakaappi (pesuallas), 20 cm:n hylly, 40 cm:n kaappi, jossa on yksi laatikko.<br \/>\nKaapin korkeus 82cm, lis\u00e4ksi ty\u00f6tasot 3,8cm.<br \/>\nYl\u00e4osa 2,4m: 60cm kaappi (ilmanpuhdistimelle), 80cm kaappi, 40cm lasikaappi, 60cm kulmakaappi.<br \/>\nYl\u00e4osa 1,5m: 60cm kulmakaappi, 30cm kaappi, 20cm hylly, 40cm korkea lasikaappi (korkeus 126,2cm).<br \/>\nKaapin korkeus 72cm, syvyys 32cm.<br \/>\nTy\u00f6taso 2,4m ja 90cm, liitoskisko, paksuus 38mm, syvyys 60cm.<\/p>\n<p>Hinta ei sis\u00e4ll\u00e4 hanaa, sekoitinta eik\u00e4 pesuallasta.<\/p>\n<p>Kaappien j\u00e4rjestyst\u00e4 voidaan muuttaa, kaapit on pakattu yksitt\u00e4isiin laatikoihin.<\/p>\n","protected":false},"featured_media":14076,"comment_status":"closed","ping_status":"closed","template":"","meta":{"inline_featured_image":false},"product_cat":[356,344],"product_tag":[],"class_list":{"0":"post-14075","1":"product","2":"type-product","3":"status-publish","4":"has-post-thumbnail","6":"product_cat-keittiokalustesetit","7":"product_cat-keittiot","9":"first","10":"instock","11":"taxable","12":"shipping-taxable","13":"purchasable","14":"product-type-simple"},"_links":{"self":[{"href":"https:\/\/stuudiomoobel.ee\/fi\/wp-json\/wp\/v2\/product\/14075","targetHints":{"allow":["GET"]}}],"collection":[{"href":"https:\/\/stuudiomoobel.ee\/fi\/wp-json\/wp\/v2\/product"}],"about":[{"href":"https:\/\/stuudiomoobel.ee\/fi\/wp-json\/wp\/v2\/types\/product"}],"replies":[{"embeddable":true,"href":"https:\/\/stuudiomoobel.ee\/fi\/wp-json\/wp\/v2\/comments?post=14075"}],"wp:featuredmedia":[{"embeddable":true,"href":"https:\/\/stuudiomoobel.ee\/fi\/wp-json\/wp\/v2\/media\/14076"}],"wp:attachment":[{"href":"https:\/\/stuudiomoobel.ee\/fi\/wp-json\/wp\/v2\/media?parent=14075"}],"wp:term":[{"taxonomy":"product_cat","embeddable":true,"href":"https:\/\/stuudiomoobel.ee\/fi\/wp-json\/wp\/v2\/product_cat?post=14075"},{"taxonomy":"product_tag","embeddable":true,"href":"https:\/\/stuudiomoobel.ee\/fi\/wp-json\/wp\/v2\/product_tag?post=14075"}],"curies":[{"name":"wp","href":"https:\/\/api.w.org\/{rel}","templated":true}]}}