{"id":14067,"date":"2022-03-24T15:06:32","date_gmt":"2022-03-24T13:06:32","guid":{"rendered":"https:\/\/stuudiomoobel.ee\/pood\/Ei-luokiteltu\/keittiokalustesarja-pieneen-keittioon-pro-18m\/"},"modified":"2022-03-24T15:06:32","modified_gmt":"2022-03-24T13:06:32","slug":"keittiokalustesarja-pieneen-keittioon-pro-18m","status":"publish","type":"product","link":"https:\/\/stuudiomoobel.ee\/fi\/pood\/keittiot\/keittiokalustesetit\/keittiokalustesarja-pieneen-keittioon-pro-18m\/","title":{"rendered":"Keitti\u00f6kalustesarja pieneen keitti\u00f6\u00f6n PRO 1,8m"},"content":{"rendered":"","protected":false},"excerpt":{"rendered":"<p>Materiaali: ovet MDF-levy\u00e4, jossa on rakenteellinen melamiinipinnoite, runko melamiinia.  <\/p>\n<p>S\u00e4\u00e4dett\u00e4v\u00e4t jalat ja pehme\u00e4sti sulkeutuvat saranat.<\/p>\n<p>Alaosa 1,8m: 60cm allaskaappi kahdella ovella, 80cm kaappi kahdella ovella, 40cm kaappi yhdell\u00e4 ovella. Kaapistojen korkeus on 82 cm ilman ty\u00f6tasoa, syvyys 47 cm.<\/p>\n<p>Yl\u00e4osa 1,8 m: 60 cm lasikaappi, jossa kaksi ovea, 60 cm kaappi, jossa kaksi ovea, 40 cm kaappi, jossa yksi ovi. Kaapin korkeus 72cm, syvyys 32cm.  <\/p>\n<p>Ty\u00f6skentelypinta 1,8m, paksuus 38mm, syvyys 60cm.<\/p>\n<p>Kaappien j\u00e4rjestyst\u00e4 voidaan muuttaa, kaapit on pakattu yksitt\u00e4isiin laatikoihin.<\/p>\n<p>Hinta ei sis\u00e4ll\u00e4 hanaa, sekoitinta eik\u00e4 pesuallasta.<\/p>\n","protected":false},"featured_media":14068,"comment_status":"closed","ping_status":"closed","template":"","meta":{"inline_featured_image":false},"product_cat":[356],"product_tag":[],"class_list":{"0":"post-14067","1":"product","2":"type-product","3":"status-publish","4":"has-post-thumbnail","6":"product_cat-keittiokalustesetit","8":"first","9":"instock","10":"taxable","11":"shipping-taxable","12":"purchasable","13":"product-type-simple"},"_links":{"self":[{"href":"https:\/\/stuudiomoobel.ee\/fi\/wp-json\/wp\/v2\/product\/14067","targetHints":{"allow":["GET"]}}],"collection":[{"href":"https:\/\/stuudiomoobel.ee\/fi\/wp-json\/wp\/v2\/product"}],"about":[{"href":"https:\/\/stuudiomoobel.ee\/fi\/wp-json\/wp\/v2\/types\/product"}],"replies":[{"embeddable":true,"href":"https:\/\/stuudiomoobel.ee\/fi\/wp-json\/wp\/v2\/comments?post=14067"}],"wp:featuredmedia":[{"embeddable":true,"href":"https:\/\/stuudiomoobel.ee\/fi\/wp-json\/wp\/v2\/media\/14068"}],"wp:attachment":[{"href":"https:\/\/stuudiomoobel.ee\/fi\/wp-json\/wp\/v2\/media?parent=14067"}],"wp:term":[{"taxonomy":"product_cat","embeddable":true,"href":"https:\/\/stuudiomoobel.ee\/fi\/wp-json\/wp\/v2\/product_cat?post=14067"},{"taxonomy":"product_tag","embeddable":true,"href":"https:\/\/stuudiomoobel.ee\/fi\/wp-json\/wp\/v2\/product_tag?post=14067"}],"curies":[{"name":"wp","href":"https:\/\/api.w.org\/{rel}","templated":true}]}}