{"id":14063,"date":"2022-03-24T14:52:49","date_gmt":"2022-03-24T12:52:49","guid":{"rendered":"https:\/\/stuudiomoobel.ee\/pood\/Ei-luokiteltu\/keittioyksikko-pieneen-keittioon-aspe-18m\/"},"modified":"2022-03-24T14:52:49","modified_gmt":"2022-03-24T12:52:49","slug":"keittioyksikko-pieneen-keittioon-aspe-18m","status":"publish","type":"product","link":"https:\/\/stuudiomoobel.ee\/fi\/pood\/keittiot\/keittiokalustesetit\/keittioyksikko-pieneen-keittioon-aspe-18m\/","title":{"rendered":"Keitti\u00f6yksikk\u00f6 pieneen keitti\u00f6\u00f6n ASPE 1,8m"},"content":{"rendered":"","protected":false},"excerpt":{"rendered":"<p>Materiaali: ovet maalattu MDF, runko melamiinia.  <\/p>\n<p>S\u00e4\u00e4dett\u00e4v\u00e4t jalat ja pehme\u00e4sti sulkeutuvat saranat.<\/p>\n<p>Alaosa 1,8 m: 60 cm:n allaskaappi, 60 cm:n vetolaatikko, 60 cm:n integroitu uuni. Kaapin korkeus 82cm, lis\u00e4ksi ty\u00f6tasot 3,8cm. <\/p>\n<p>Yl\u00e4osa: 60 cm kaappi, 60 cm kaappi, 60 cm kaappi (ilmanpuhdistimelle, korkeus 40 cm.). Kaappien korkeus on 72 cm, syvyys 32 cm.<\/p>\n<p>Voit muuttaa kaappien j\u00e4rjestyst\u00e4 mieltymystesi mukaan.<\/p>\n<p>Ty\u00f6skentelypinta 1,8m, paksuus 38mm, syvyys 60cm.<\/p>\n<p>Kaappien j\u00e4rjestyst\u00e4 voidaan muuttaa, kaapit on pakattu yksitt\u00e4isiin laatikoihin.<\/p>\n<p>Hinta ei sis\u00e4ll\u00e4 hanaa, sekoitinta eik\u00e4 pesuallasta.<\/p>\n","protected":false},"featured_media":14064,"comment_status":"closed","ping_status":"closed","template":"","meta":{"inline_featured_image":false},"product_cat":[356],"product_tag":[],"class_list":{"0":"post-14063","1":"product","2":"type-product","3":"status-publish","4":"has-post-thumbnail","6":"product_cat-keittiokalustesetit","8":"first","9":"instock","10":"taxable","11":"shipping-taxable","12":"purchasable","13":"product-type-simple"},"_links":{"self":[{"href":"https:\/\/stuudiomoobel.ee\/fi\/wp-json\/wp\/v2\/product\/14063","targetHints":{"allow":["GET"]}}],"collection":[{"href":"https:\/\/stuudiomoobel.ee\/fi\/wp-json\/wp\/v2\/product"}],"about":[{"href":"https:\/\/stuudiomoobel.ee\/fi\/wp-json\/wp\/v2\/types\/product"}],"replies":[{"embeddable":true,"href":"https:\/\/stuudiomoobel.ee\/fi\/wp-json\/wp\/v2\/comments?post=14063"}],"wp:featuredmedia":[{"embeddable":true,"href":"https:\/\/stuudiomoobel.ee\/fi\/wp-json\/wp\/v2\/media\/14064"}],"wp:attachment":[{"href":"https:\/\/stuudiomoobel.ee\/fi\/wp-json\/wp\/v2\/media?parent=14063"}],"wp:term":[{"taxonomy":"product_cat","embeddable":true,"href":"https:\/\/stuudiomoobel.ee\/fi\/wp-json\/wp\/v2\/product_cat?post=14063"},{"taxonomy":"product_tag","embeddable":true,"href":"https:\/\/stuudiomoobel.ee\/fi\/wp-json\/wp\/v2\/product_tag?post=14063"}],"curies":[{"name":"wp","href":"https:\/\/api.w.org\/{rel}","templated":true}]}}