{"id":14057,"date":"2022-03-30T19:25:14","date_gmt":"2022-03-30T16:25:14","guid":{"rendered":"https:\/\/stuudiomoobel.ee\/pood\/Ei-luokiteltu\/jakotuki-40-cmn-laatikolle\/"},"modified":"2022-03-30T19:25:14","modified_gmt":"2022-03-30T16:25:14","slug":"jakotuki-40-cmn-laatikolle","status":"publish","type":"product","link":"https:\/\/stuudiomoobel.ee\/fi\/pood\/keittiot\/huonekalut\/jakotuki-40-cmn-laatikolle\/","title":{"rendered":"Jakotuki 40 cm:n laatikolle"},"content":{"rendered":"<p>Yhteensopiva mallien ELI, LOR, ITA kanssa, joissa on \u00e4\u00e4nett\u00f6m\u00e4sti sulkeutuvat laatikot, koodi DS4\/3 VS.<\/p>\n","protected":false},"excerpt":{"rendered":"<p>Yhteensopiva mallien ELI, LOR, ITA kanssa, joissa on \u00e4\u00e4nett\u00f6m\u00e4sti sulkeutuvat laatikot, koodi DS4\/3 VS.<\/p>\n","protected":false},"featured_media":12687,"comment_status":"closed","ping_status":"closed","template":"","meta":{"inline_featured_image":false},"product_cat":[345],"product_tag":[],"class_list":{"0":"post-14057","1":"product","2":"type-product","3":"status-publish","4":"has-post-thumbnail","6":"product_cat-huonekalut","8":"first","9":"instock","10":"taxable","11":"shipping-taxable","12":"purchasable","13":"product-type-simple"},"_links":{"self":[{"href":"https:\/\/stuudiomoobel.ee\/fi\/wp-json\/wp\/v2\/product\/14057","targetHints":{"allow":["GET"]}}],"collection":[{"href":"https:\/\/stuudiomoobel.ee\/fi\/wp-json\/wp\/v2\/product"}],"about":[{"href":"https:\/\/stuudiomoobel.ee\/fi\/wp-json\/wp\/v2\/types\/product"}],"replies":[{"embeddable":true,"href":"https:\/\/stuudiomoobel.ee\/fi\/wp-json\/wp\/v2\/comments?post=14057"}],"wp:featuredmedia":[{"embeddable":true,"href":"https:\/\/stuudiomoobel.ee\/fi\/wp-json\/wp\/v2\/media\/12687"}],"wp:attachment":[{"href":"https:\/\/stuudiomoobel.ee\/fi\/wp-json\/wp\/v2\/media?parent=14057"}],"wp:term":[{"taxonomy":"product_cat","embeddable":true,"href":"https:\/\/stuudiomoobel.ee\/fi\/wp-json\/wp\/v2\/product_cat?post=14057"},{"taxonomy":"product_tag","embeddable":true,"href":"https:\/\/stuudiomoobel.ee\/fi\/wp-json\/wp\/v2\/product_tag?post=14057"}],"curies":[{"name":"wp","href":"https:\/\/api.w.org\/{rel}","templated":true}]}}