{"id":13949,"date":"2022-03-30T19:02:40","date_gmt":"2022-03-30T16:02:40","guid":{"rendered":"https:\/\/stuudiomoobel.ee\/pood\/Ei-luokiteltu\/sokkelin-sivut-kiinnikkeilla-2kpl-2\/"},"modified":"2022-03-30T19:02:40","modified_gmt":"2022-03-30T16:02:40","slug":"sokkelin-sivut-kiinnikkeilla-2kpl-2","status":"publish","type":"product","link":"https:\/\/stuudiomoobel.ee\/fi\/pood\/keittiot\/keittion-kaapistojen-valinta\/sokkelin-sivut-kiinnikkeilla-2kpl-2\/","title":{"rendered":"Sokkelin sivut kiinnikkeill\u00e4 2kpl"},"content":{"rendered":"<p>Keitti\u00f6kalustesarja sokkelin sivuilla kiinnikkeill\u00e4 2kpl.<\/p>\n","protected":false},"excerpt":{"rendered":"<p>Keitti\u00f6kalustesarja sokkelin sivuilla kiinnikkeill\u00e4 2kpl.<\/p>\n","protected":false},"featured_media":13919,"comment_status":"closed","ping_status":"closed","template":"","meta":{"inline_featured_image":false},"product_cat":[346,357],"product_tag":[],"class_list":{"0":"post-13949","1":"product","2":"type-product","3":"status-publish","4":"has-post-thumbnail","6":"product_cat-keittion-kaapistojen-valinta","7":"product_cat-tyotasot-valitilan-suojat-sokkelit","9":"first","10":"instock","11":"taxable","12":"shipping-taxable","13":"purchasable","14":"product-type-simple"},"_links":{"self":[{"href":"https:\/\/stuudiomoobel.ee\/fi\/wp-json\/wp\/v2\/product\/13949","targetHints":{"allow":["GET"]}}],"collection":[{"href":"https:\/\/stuudiomoobel.ee\/fi\/wp-json\/wp\/v2\/product"}],"about":[{"href":"https:\/\/stuudiomoobel.ee\/fi\/wp-json\/wp\/v2\/types\/product"}],"replies":[{"embeddable":true,"href":"https:\/\/stuudiomoobel.ee\/fi\/wp-json\/wp\/v2\/comments?post=13949"}],"wp:featuredmedia":[{"embeddable":true,"href":"https:\/\/stuudiomoobel.ee\/fi\/wp-json\/wp\/v2\/media\/13919"}],"wp:attachment":[{"href":"https:\/\/stuudiomoobel.ee\/fi\/wp-json\/wp\/v2\/media?parent=13949"}],"wp:term":[{"taxonomy":"product_cat","embeddable":true,"href":"https:\/\/stuudiomoobel.ee\/fi\/wp-json\/wp\/v2\/product_cat?post=13949"},{"taxonomy":"product_tag","embeddable":true,"href":"https:\/\/stuudiomoobel.ee\/fi\/wp-json\/wp\/v2\/product_tag?post=13949"}],"curies":[{"name":"wp","href":"https:\/\/api.w.org\/{rel}","templated":true}]}}