{"id":13941,"date":"2022-03-30T10:55:22","date_gmt":"2022-03-30T07:55:22","guid":{"rendered":"https:\/\/stuudiomoobel.ee\/pood\/Ei-luokiteltu\/keittiokalustesarja-lan-grey-sub-artisan-34m\/"},"modified":"2022-03-30T10:55:22","modified_gmt":"2022-03-30T07:55:22","slug":"keittiokalustesarja-lan-grey-sub-artisan-34m","status":"publish","type":"product","link":"https:\/\/stuudiomoobel.ee\/fi\/pood\/keittiot\/keittion-kaapistojen-valinta\/lan-tummanharmaa-beige-puun-savy\/keittiokalustesarja-lan-grey-sub-artisan-34m\/","title":{"rendered":"Keitti\u00f6kalustesarja LAN grey\/sub artisan 3,4m"},"content":{"rendered":"","protected":false},"excerpt":{"rendered":"<p>Leveys 3,4 m, korkeus 2,48 m.<\/p>\n<p>Keitti\u00f6n kaapeissa on push-open-j\u00e4rjestelm\u00e4. Kaapeissa on my\u00f6s kahvat. <\/p>\n<p>Ty\u00f6taso dab artisan 2,4m.<\/p>\n<p>Runko dab artisan, ovet harmaa matta, dab artisan.<\/p>\n<p>Sokkel dab artisan.<\/p>\n<p>Hinta ei sis\u00e4ll\u00e4 laitteita, pesuallasta, sekoitinta.<\/p>\n<p>Kaappien j\u00e4rjestyst\u00e4 voidaan muuttaa, kaapit on pakattu yksitt\u00e4isiin laatikoihin.<\/p>\n","protected":false},"featured_media":13945,"comment_status":"closed","ping_status":"closed","template":"","meta":{"inline_featured_image":false},"product_cat":[356,350],"product_tag":[],"class_list":{"0":"post-13941","1":"product","2":"type-product","3":"status-publish","4":"has-post-thumbnail","6":"product_cat-keittiokalustesetit","7":"product_cat-lan-tummanharmaa-beige-puun-savy","9":"first","10":"instock","11":"taxable","12":"shipping-taxable","13":"purchasable","14":"product-type-simple"},"_links":{"self":[{"href":"https:\/\/stuudiomoobel.ee\/fi\/wp-json\/wp\/v2\/product\/13941","targetHints":{"allow":["GET"]}}],"collection":[{"href":"https:\/\/stuudiomoobel.ee\/fi\/wp-json\/wp\/v2\/product"}],"about":[{"href":"https:\/\/stuudiomoobel.ee\/fi\/wp-json\/wp\/v2\/types\/product"}],"replies":[{"embeddable":true,"href":"https:\/\/stuudiomoobel.ee\/fi\/wp-json\/wp\/v2\/comments?post=13941"}],"wp:featuredmedia":[{"embeddable":true,"href":"https:\/\/stuudiomoobel.ee\/fi\/wp-json\/wp\/v2\/media\/13945"}],"wp:attachment":[{"href":"https:\/\/stuudiomoobel.ee\/fi\/wp-json\/wp\/v2\/media?parent=13941"}],"wp:term":[{"taxonomy":"product_cat","embeddable":true,"href":"https:\/\/stuudiomoobel.ee\/fi\/wp-json\/wp\/v2\/product_cat?post=13941"},{"taxonomy":"product_tag","embeddable":true,"href":"https:\/\/stuudiomoobel.ee\/fi\/wp-json\/wp\/v2\/product_tag?post=13941"}],"curies":[{"name":"wp","href":"https:\/\/api.w.org\/{rel}","templated":true}]}}