{"id":13918,"date":"2022-03-29T00:33:00","date_gmt":"2022-03-28T21:33:00","guid":{"rendered":"https:\/\/stuudiomoobel.ee\/pood\/Ei-luokiteltu\/g25pz-ylakulmahylly-25cm\/"},"modified":"2022-03-29T00:33:00","modified_gmt":"2022-03-28T21:33:00","slug":"g25pz-ylakulmahylly-25cm","status":"publish","type":"product","link":"https:\/\/stuudiomoobel.ee\/fi\/pood\/keittiot\/keittion-kaapistojen-valinta\/syd-vaalea-puukuvio\/g25pz-ylakulmahylly-25cm\/","title":{"rendered":"G25PZ yl\u00e4kulmahylly 25cm"},"content":{"rendered":"","protected":false},"excerpt":{"rendered":"<p>Keitti\u00f6kalustesarja Aspe G25PZ yl\u00e4kulmahylly 25cm.<\/p>\n","protected":false},"featured_media":13920,"comment_status":"closed","ping_status":"closed","template":"","meta":{"inline_featured_image":false},"product_cat":[347,346,351,353,354,355],"product_tag":[],"class_list":{"0":"post-13918","1":"product","2":"type-product","3":"status-publish","4":"has-post-thumbnail","6":"product_cat-aspe-valkoinen-vaaleanharmaa","7":"product_cat-keittion-kaapistojen-valinta","8":"product_cat-lin-halli","9":"product_cat-pro-valkoinen-puukuvio","10":"product_cat-roy-vaalea-puukuvio","11":"product_cat-syd-vaalea-puukuvio","13":"first","14":"instock","15":"taxable","16":"shipping-taxable","17":"purchasable","18":"product-type-simple"},"_links":{"self":[{"href":"https:\/\/stuudiomoobel.ee\/fi\/wp-json\/wp\/v2\/product\/13918","targetHints":{"allow":["GET"]}}],"collection":[{"href":"https:\/\/stuudiomoobel.ee\/fi\/wp-json\/wp\/v2\/product"}],"about":[{"href":"https:\/\/stuudiomoobel.ee\/fi\/wp-json\/wp\/v2\/types\/product"}],"replies":[{"embeddable":true,"href":"https:\/\/stuudiomoobel.ee\/fi\/wp-json\/wp\/v2\/comments?post=13918"}],"wp:featuredmedia":[{"embeddable":true,"href":"https:\/\/stuudiomoobel.ee\/fi\/wp-json\/wp\/v2\/media\/13920"}],"wp:attachment":[{"href":"https:\/\/stuudiomoobel.ee\/fi\/wp-json\/wp\/v2\/media?parent=13918"}],"wp:term":[{"taxonomy":"product_cat","embeddable":true,"href":"https:\/\/stuudiomoobel.ee\/fi\/wp-json\/wp\/v2\/product_cat?post=13918"},{"taxonomy":"product_tag","embeddable":true,"href":"https:\/\/stuudiomoobel.ee\/fi\/wp-json\/wp\/v2\/product_tag?post=13918"}],"curies":[{"name":"wp","href":"https:\/\/api.w.org\/{rel}","templated":true}]}}