{"id":13887,"date":"2022-03-29T00:19:42","date_gmt":"2022-03-28T21:19:42","guid":{"rendered":"https:\/\/stuudiomoobel.ee\/pood\/Ei-luokiteltu\/aspe-g30-valkoinen-ylakaappi-30cm\/"},"modified":"2022-03-29T00:19:42","modified_gmt":"2022-03-28T21:19:42","slug":"aspe-g30-valkoinen-ylakaappi-30cm","status":"publish","type":"product","link":"https:\/\/stuudiomoobel.ee\/fi\/pood\/keittiot\/keittion-kaapistojen-valinta\/aspe-valkoinen-vaaleanharmaa\/aspe-g30-valkoinen-ylakaappi-30cm\/","title":{"rendered":"Aspe G30 valkoinen yl\u00e4kaappi 30cm"},"content":{"rendered":"<p>Keitti\u00f6kalustesarja Aspe G30 valkoinen yl\u00e4kaappi yhdell\u00e4 ovella ja hyllyll\u00e4 30cm.<\/p>\n","protected":false},"excerpt":{"rendered":"<p>Osa Aspe-keitti\u00f6kalustesarjaa.<\/p>\n","protected":false},"featured_media":13889,"comment_status":"closed","ping_status":"closed","template":"","meta":{"inline_featured_image":false},"product_cat":[347,346],"product_tag":[],"class_list":{"0":"post-13887","1":"product","2":"type-product","3":"status-publish","4":"has-post-thumbnail","6":"product_cat-aspe-valkoinen-vaaleanharmaa","7":"product_cat-keittion-kaapistojen-valinta","9":"first","10":"instock","11":"taxable","12":"shipping-taxable","13":"purchasable","14":"product-type-simple"},"_links":{"self":[{"href":"https:\/\/stuudiomoobel.ee\/fi\/wp-json\/wp\/v2\/product\/13887","targetHints":{"allow":["GET"]}}],"collection":[{"href":"https:\/\/stuudiomoobel.ee\/fi\/wp-json\/wp\/v2\/product"}],"about":[{"href":"https:\/\/stuudiomoobel.ee\/fi\/wp-json\/wp\/v2\/types\/product"}],"replies":[{"embeddable":true,"href":"https:\/\/stuudiomoobel.ee\/fi\/wp-json\/wp\/v2\/comments?post=13887"}],"wp:featuredmedia":[{"embeddable":true,"href":"https:\/\/stuudiomoobel.ee\/fi\/wp-json\/wp\/v2\/media\/13889"}],"wp:attachment":[{"href":"https:\/\/stuudiomoobel.ee\/fi\/wp-json\/wp\/v2\/media?parent=13887"}],"wp:term":[{"taxonomy":"product_cat","embeddable":true,"href":"https:\/\/stuudiomoobel.ee\/fi\/wp-json\/wp\/v2\/product_cat?post=13887"},{"taxonomy":"product_tag","embeddable":true,"href":"https:\/\/stuudiomoobel.ee\/fi\/wp-json\/wp\/v2\/product_tag?post=13887"}],"curies":[{"name":"wp","href":"https:\/\/api.w.org\/{rel}","templated":true}]}}