{"id":13855,"date":"2022-03-28T23:42:46","date_gmt":"2022-03-28T20:42:46","guid":{"rendered":"https:\/\/stuudiomoobel.ee\/pood\/Ei-luokiteltu\/roy-g60-ylakaappi-kahdella-ovella-60cm\/"},"modified":"2022-03-28T23:42:46","modified_gmt":"2022-03-28T20:42:46","slug":"roy-g60-ylakaappi-kahdella-ovella-60cm","status":"publish","type":"product","link":"https:\/\/stuudiomoobel.ee\/fi\/pood\/keittiot\/keittion-kaapistojen-valinta\/roy-vaalea-puukuvio\/roy-g60-ylakaappi-kahdella-ovella-60cm\/","title":{"rendered":"Roy G60 yl\u00e4kaappi kahdella ovella 60cm"},"content":{"rendered":"<p>Keitti\u00f6kalustesarja Roy G60 yl\u00e4kaappi kahdella ovella ja hyllyll\u00e4 60cm.<\/p>\n","protected":false},"excerpt":{"rendered":"<p>Sis\u00e4ltyy Roy-keitti\u00f6kalustesarjaan.<\/p>\n","protected":false},"featured_media":13856,"comment_status":"closed","ping_status":"closed","template":"","meta":{"inline_featured_image":false},"product_cat":[346,354],"product_tag":[],"class_list":{"0":"post-13855","1":"product","2":"type-product","3":"status-publish","4":"has-post-thumbnail","6":"product_cat-keittion-kaapistojen-valinta","7":"product_cat-roy-vaalea-puukuvio","9":"first","10":"instock","11":"sale","12":"taxable","13":"shipping-taxable","14":"purchasable","15":"product-type-simple"},"_links":{"self":[{"href":"https:\/\/stuudiomoobel.ee\/fi\/wp-json\/wp\/v2\/product\/13855","targetHints":{"allow":["GET"]}}],"collection":[{"href":"https:\/\/stuudiomoobel.ee\/fi\/wp-json\/wp\/v2\/product"}],"about":[{"href":"https:\/\/stuudiomoobel.ee\/fi\/wp-json\/wp\/v2\/types\/product"}],"replies":[{"embeddable":true,"href":"https:\/\/stuudiomoobel.ee\/fi\/wp-json\/wp\/v2\/comments?post=13855"}],"wp:featuredmedia":[{"embeddable":true,"href":"https:\/\/stuudiomoobel.ee\/fi\/wp-json\/wp\/v2\/media\/13856"}],"wp:attachment":[{"href":"https:\/\/stuudiomoobel.ee\/fi\/wp-json\/wp\/v2\/media?parent=13855"}],"wp:term":[{"taxonomy":"product_cat","embeddable":true,"href":"https:\/\/stuudiomoobel.ee\/fi\/wp-json\/wp\/v2\/product_cat?post=13855"},{"taxonomy":"product_tag","embeddable":true,"href":"https:\/\/stuudiomoobel.ee\/fi\/wp-json\/wp\/v2\/product_tag?post=13855"}],"curies":[{"name":"wp","href":"https:\/\/api.w.org\/{rel}","templated":true}]}}