{"id":13847,"date":"2022-03-28T11:18:51","date_gmt":"2022-03-28T08:18:51","guid":{"rendered":"https:\/\/stuudiomoobel.ee\/pood\/Ei-luokiteltu\/lin-w40s-ylempi-korkea-lasikaappi-40cm\/"},"modified":"2022-03-28T11:18:51","modified_gmt":"2022-03-28T08:18:51","slug":"lin-w40s-ylempi-korkea-lasikaappi-40cm","status":"publish","type":"product","link":"https:\/\/stuudiomoobel.ee\/fi\/pood\/keittiot\/keittion-kaapistojen-valinta\/lin-halli\/lin-w40s-ylempi-korkea-lasikaappi-40cm\/","title":{"rendered":"Lin W40S ylempi korkea lasikaappi 40cm"},"content":{"rendered":"<p>Lin W40S ylh\u00e4\u00e4lt\u00e4 korkea lasikaappi yhdell\u00e4 ovella ja hyllyll\u00e4, 40cm.<\/p>\n","protected":false},"excerpt":{"rendered":"<p>Keitti\u00f6kalustesarjaan sis\u00e4ltyv\u00e4t Lin.<\/p>\n","protected":false},"featured_media":13848,"comment_status":"closed","ping_status":"closed","template":"","meta":{"inline_featured_image":false},"product_cat":[346,351],"product_tag":[],"class_list":{"0":"post-13847","1":"product","2":"type-product","3":"status-publish","4":"has-post-thumbnail","6":"product_cat-keittion-kaapistojen-valinta","7":"product_cat-lin-halli","9":"first","10":"instock","11":"sale","12":"taxable","13":"shipping-taxable","14":"purchasable","15":"product-type-simple"},"_links":{"self":[{"href":"https:\/\/stuudiomoobel.ee\/fi\/wp-json\/wp\/v2\/product\/13847","targetHints":{"allow":["GET"]}}],"collection":[{"href":"https:\/\/stuudiomoobel.ee\/fi\/wp-json\/wp\/v2\/product"}],"about":[{"href":"https:\/\/stuudiomoobel.ee\/fi\/wp-json\/wp\/v2\/types\/product"}],"replies":[{"embeddable":true,"href":"https:\/\/stuudiomoobel.ee\/fi\/wp-json\/wp\/v2\/comments?post=13847"}],"wp:featuredmedia":[{"embeddable":true,"href":"https:\/\/stuudiomoobel.ee\/fi\/wp-json\/wp\/v2\/media\/13848"}],"wp:attachment":[{"href":"https:\/\/stuudiomoobel.ee\/fi\/wp-json\/wp\/v2\/media?parent=13847"}],"wp:term":[{"taxonomy":"product_cat","embeddable":true,"href":"https:\/\/stuudiomoobel.ee\/fi\/wp-json\/wp\/v2\/product_cat?post=13847"},{"taxonomy":"product_tag","embeddable":true,"href":"https:\/\/stuudiomoobel.ee\/fi\/wp-json\/wp\/v2\/product_tag?post=13847"}],"curies":[{"name":"wp","href":"https:\/\/api.w.org\/{rel}","templated":true}]}}