{"id":13823,"date":"2022-03-30T08:26:56","date_gmt":"2022-03-30T05:26:56","guid":{"rendered":"https:\/\/stuudiomoobel.ee\/pood\/Ei-luokiteltu\/aspe-g60k-harmaa-liesituuletin-60cm\/"},"modified":"2022-03-30T08:26:56","modified_gmt":"2022-03-30T05:26:56","slug":"aspe-g60k-harmaa-liesituuletin-60cm","status":"publish","type":"product","link":"https:\/\/stuudiomoobel.ee\/fi\/pood\/keittiot\/keittion-kaapistojen-valinta\/aspe-valkoinen-vaaleanharmaa\/aspe-g60k-harmaa-liesituuletin-60cm\/","title":{"rendered":"Aspe G60K harmaa liesituuletin 60cm"},"content":{"rendered":"<p>Keitti\u00f6kalustesarja Aspe G60K harmaa yl\u00e4kaappi yhdell\u00e4 ovella 60cm.<\/p>\n","protected":false},"excerpt":{"rendered":"<p>Osa Aspe-keitti\u00f6kalustesarjaa.<\/p>\n","protected":false},"featured_media":13824,"comment_status":"closed","ping_status":"closed","template":"","meta":{"inline_featured_image":false},"product_cat":[347,346],"product_tag":[],"class_list":{"0":"post-13823","1":"product","2":"type-product","3":"status-publish","4":"has-post-thumbnail","6":"product_cat-aspe-valkoinen-vaaleanharmaa","7":"product_cat-keittion-kaapistojen-valinta","9":"first","10":"instock","11":"taxable","12":"shipping-taxable","13":"purchasable","14":"product-type-simple"},"_links":{"self":[{"href":"https:\/\/stuudiomoobel.ee\/fi\/wp-json\/wp\/v2\/product\/13823","targetHints":{"allow":["GET"]}}],"collection":[{"href":"https:\/\/stuudiomoobel.ee\/fi\/wp-json\/wp\/v2\/product"}],"about":[{"href":"https:\/\/stuudiomoobel.ee\/fi\/wp-json\/wp\/v2\/types\/product"}],"replies":[{"embeddable":true,"href":"https:\/\/stuudiomoobel.ee\/fi\/wp-json\/wp\/v2\/comments?post=13823"}],"wp:featuredmedia":[{"embeddable":true,"href":"https:\/\/stuudiomoobel.ee\/fi\/wp-json\/wp\/v2\/media\/13824"}],"wp:attachment":[{"href":"https:\/\/stuudiomoobel.ee\/fi\/wp-json\/wp\/v2\/media?parent=13823"}],"wp:term":[{"taxonomy":"product_cat","embeddable":true,"href":"https:\/\/stuudiomoobel.ee\/fi\/wp-json\/wp\/v2\/product_cat?post=13823"},{"taxonomy":"product_tag","embeddable":true,"href":"https:\/\/stuudiomoobel.ee\/fi\/wp-json\/wp\/v2\/product_tag?post=13823"}],"curies":[{"name":"wp","href":"https:\/\/api.w.org\/{rel}","templated":true}]}}