{"id":13783,"date":"2022-03-30T08:36:09","date_gmt":"2022-03-30T05:36:09","guid":{"rendered":"https:\/\/stuudiomoobel.ee\/pood\/Ei-luokiteltu\/aspe-g80c-harmaa-ylakaappi-jossa-on-80-cmn-astiatelineet\/"},"modified":"2022-03-30T08:36:09","modified_gmt":"2022-03-30T05:36:09","slug":"aspe-g80c-harmaa-ylakaappi-jossa-on-80-cmn-astiatelineet","status":"publish","type":"product","link":"https:\/\/stuudiomoobel.ee\/fi\/pood\/keittiot\/keittion-kaapistojen-valinta\/aspe-valkoinen-vaaleanharmaa\/aspe-g80c-harmaa-ylakaappi-jossa-on-80-cmn-astiatelineet\/","title":{"rendered":"Aspe G80C harmaa yl\u00e4kaappi, jossa on 80 cm:n astiatelineet"},"content":{"rendered":"<p>Keitti\u00f6kalustesarja Aspe G80C harmaa yl\u00e4kaappi, jossa on astianpesuteline, kaksi ovea ja hylly 80cm.<\/p>\n","protected":false},"excerpt":{"rendered":"<p>Osa Aspe-keitti\u00f6kalustesarjaa.<\/p>\n","protected":false},"featured_media":13785,"comment_status":"closed","ping_status":"closed","template":"","meta":{"inline_featured_image":false},"product_cat":[347,346],"product_tag":[],"class_list":{"0":"post-13783","1":"product","2":"type-product","3":"status-publish","4":"has-post-thumbnail","6":"product_cat-aspe-valkoinen-vaaleanharmaa","7":"product_cat-keittion-kaapistojen-valinta","9":"first","10":"instock","11":"taxable","12":"shipping-taxable","13":"purchasable","14":"product-type-simple"},"_links":{"self":[{"href":"https:\/\/stuudiomoobel.ee\/fi\/wp-json\/wp\/v2\/product\/13783","targetHints":{"allow":["GET"]}}],"collection":[{"href":"https:\/\/stuudiomoobel.ee\/fi\/wp-json\/wp\/v2\/product"}],"about":[{"href":"https:\/\/stuudiomoobel.ee\/fi\/wp-json\/wp\/v2\/types\/product"}],"replies":[{"embeddable":true,"href":"https:\/\/stuudiomoobel.ee\/fi\/wp-json\/wp\/v2\/comments?post=13783"}],"wp:featuredmedia":[{"embeddable":true,"href":"https:\/\/stuudiomoobel.ee\/fi\/wp-json\/wp\/v2\/media\/13785"}],"wp:attachment":[{"href":"https:\/\/stuudiomoobel.ee\/fi\/wp-json\/wp\/v2\/media?parent=13783"}],"wp:term":[{"taxonomy":"product_cat","embeddable":true,"href":"https:\/\/stuudiomoobel.ee\/fi\/wp-json\/wp\/v2\/product_cat?post=13783"},{"taxonomy":"product_tag","embeddable":true,"href":"https:\/\/stuudiomoobel.ee\/fi\/wp-json\/wp\/v2\/product_tag?post=13783"}],"curies":[{"name":"wp","href":"https:\/\/api.w.org\/{rel}","templated":true}]}}