{"id":13777,"date":"2022-09-07T19:39:41","date_gmt":"2022-09-07T16:39:41","guid":{"rendered":"https:\/\/stuudiomoobel.ee\/pood\/Ei-luokiteltu\/lor-wo-5-seinakaappi-avattavalla-ovella-50-cm\/"},"modified":"2022-09-07T19:39:41","modified_gmt":"2022-09-07T16:39:41","slug":"lor-wo-5-seinakaappi-avattavalla-ovella-50-cm","status":"publish","type":"product","link":"https:\/\/stuudiomoobel.ee\/fi\/pood\/keittiot\/keittion-kaapistojen-valinta\/lor-valkoinen-harmaa-beige-oliivi\/lor-wo-5-seinakaappi-avattavalla-ovella-50-cm\/","title":{"rendered":"LOR WO 5 sein\u00e4kaappi avattavalla ovella 50 cm"},"content":{"rendered":"<p>Kun haluat ajattoman keitti\u00f6n, jossa on klassinen pohjoismainen tyyli, voit t\u00e4ydent\u00e4\u00e4 keitti\u00f6t\u00e4si LOR-keitti\u00f6kalustekaapeilla.<\/p>\n<p>Runko: 16 mm:n melamiinilevy.<\/p>\n<p>Runko: valkoisen ja beigen, valkoisen, harmaan, harmaan ja oliivin puun s\u00e4vy.<\/p>\n<p>Etulevyt: korkealaatuinen MDF-levy, jossa on pvc-pinnoite.<\/p>\n<p>Ovet: 4 v\u00e4rivaihtoehtoa &#8211; valkoinen, harmaa, beige, oliivi.<\/p>\n<p>Kahvat: musta metallikahva valkoisissa ja harmaissa ovissa, kultainen kahva beigeiss\u00e4 ja oliivin s\u00e4vyisiss\u00e4 ovissa.<\/p>\n<p>Keitti\u00f6kaappi toimitetaan pakettina ja vaatii kokoamisen.<\/p>\n","protected":false},"excerpt":{"rendered":"<p>T\u00e4ss\u00e4 keitti\u00f6n sein\u00e4kaapissa on yksi yl\u00f6sp\u00e4in aukeava ovi.<\/p>\n<p>Leveys 50 cm<\/p>\n<p>Korkeus 36 cm<\/p>\n<p>Syvyys 32 cm<\/p>\n<p>Ovet: 4 v\u00e4rivaihtoehtoa &#8211; valkoinen, harmaa, beige, oliivi.<\/p>\n<p>Runko: valkoinen ja beige valkoisena, harmaa harmaana ja oliivi puun s\u00e4vyisen\u00e4.<\/p>\n<p>Kahvat: musta metallikahva valkoisessa ja harmaassa ovessa, kultainen kahva beigess\u00e4 ja oliivin v\u00e4risess\u00e4 ovessa.<\/p>\n","protected":false},"featured_media":12530,"comment_status":"closed","ping_status":"closed","template":"","meta":{"inline_featured_image":false},"product_cat":[346,344,352],"product_tag":[],"class_list":{"0":"post-13777","1":"product","2":"type-product","3":"status-publish","4":"has-post-thumbnail","6":"product_cat-keittion-kaapistojen-valinta","7":"product_cat-keittiot","8":"product_cat-lor-valkoinen-harmaa-beige-oliivi","10":"first","11":"instock","12":"taxable","13":"shipping-taxable","14":"purchasable","15":"product-type-variable"},"_links":{"self":[{"href":"https:\/\/stuudiomoobel.ee\/fi\/wp-json\/wp\/v2\/product\/13777","targetHints":{"allow":["GET"]}}],"collection":[{"href":"https:\/\/stuudiomoobel.ee\/fi\/wp-json\/wp\/v2\/product"}],"about":[{"href":"https:\/\/stuudiomoobel.ee\/fi\/wp-json\/wp\/v2\/types\/product"}],"replies":[{"embeddable":true,"href":"https:\/\/stuudiomoobel.ee\/fi\/wp-json\/wp\/v2\/comments?post=13777"}],"wp:featuredmedia":[{"embeddable":true,"href":"https:\/\/stuudiomoobel.ee\/fi\/wp-json\/wp\/v2\/media\/12530"}],"wp:attachment":[{"href":"https:\/\/stuudiomoobel.ee\/fi\/wp-json\/wp\/v2\/media?parent=13777"}],"wp:term":[{"taxonomy":"product_cat","embeddable":true,"href":"https:\/\/stuudiomoobel.ee\/fi\/wp-json\/wp\/v2\/product_cat?post=13777"},{"taxonomy":"product_tag","embeddable":true,"href":"https:\/\/stuudiomoobel.ee\/fi\/wp-json\/wp\/v2\/product_tag?post=13777"}],"curies":[{"name":"wp","href":"https:\/\/api.w.org\/{rel}","templated":true}]}}