{"id":13734,"date":"2022-09-13T10:45:35","date_gmt":"2022-09-13T07:45:35","guid":{"rendered":"https:\/\/stuudiomoobel.ee\/pood\/Ei-luokiteltu\/lor-wpw-4-ylempi-seinakaappi-40-cm-korkeus-108-cm\/"},"modified":"2022-09-13T10:45:35","modified_gmt":"2022-09-13T07:45:35","slug":"lor-wpw-4-ylempi-seinakaappi-40-cm-korkeus-108-cm","status":"publish","type":"product","link":"https:\/\/stuudiomoobel.ee\/fi\/pood\/keittiot\/keittion-kaapistojen-valinta\/lor-valkoinen-harmaa-beige-oliivi\/lor-wpw-4-ylempi-seinakaappi-40-cm-korkeus-108-cm\/","title":{"rendered":"LOR WPW 4 ylempi sein\u00e4kaappi 40 cm (korkeus 108 cm)"},"content":{"rendered":"<p>Runko: melamiinilevy 16 mm.<\/p>\n<p>Runko: valkoinen ja beige valkoinen, harmaa harmaa ja oliivinpuun s\u00e4vy.<\/p>\n<p>Etulevyt: korkealaatuinen MDF-levy, jossa on pvc-pinnoite.<\/p>\n<p>Ovet: 4 v\u00e4rivaihtoehtoa &#8211; valkoinen, harmaa, beige, oliivi.<\/p>\n<p>Kahvat: valkoinen ja harmaa ovi mustalla metallikahvalla, beige ja oliivin v\u00e4rinen ovi kultaisella kahvalla.<\/p>\n<p>Keitti\u00f6kaappi toimitetaan pakettina ja vaatii kokoamisen.<\/p>\n","protected":false},"excerpt":{"rendered":"<p>T\u00e4ss\u00e4 keitti\u00f6kaapissa on 2 ovea. Ylempi ovi on osittain lasinen. <\/p>\n<p>Leveys 40 cm<\/p>\n<p>Korkeus 108 cm<\/p>\n<p>Syvyys 32 cm<\/p>\n<p>Ovet: 4 v\u00e4rivaihtoehtoa &#8211; valkoinen, harmaa, beige, oliivi.<\/p>\n<p>Runko: valkoinen ja beige valkoinen, harmaanharmaa ja oliivinpuun s\u00e4vy.<\/p>\n<p>Kahvat: musta metallikahva valkoisessa ja harmaassa ovessa, kultainen kahva beige- ja oliivinv\u00e4risess\u00e4 ovessa.<\/p>\n","protected":false},"featured_media":13735,"comment_status":"closed","ping_status":"closed","template":"","meta":{"inline_featured_image":false},"product_cat":[346,344,352],"product_tag":[],"class_list":{"0":"post-13734","1":"product","2":"type-product","3":"status-publish","4":"has-post-thumbnail","6":"product_cat-keittion-kaapistojen-valinta","7":"product_cat-keittiot","8":"product_cat-lor-valkoinen-harmaa-beige-oliivi","10":"first","11":"instock","12":"taxable","13":"shipping-taxable","14":"purchasable","15":"product-type-variable"},"_links":{"self":[{"href":"https:\/\/stuudiomoobel.ee\/fi\/wp-json\/wp\/v2\/product\/13734","targetHints":{"allow":["GET"]}}],"collection":[{"href":"https:\/\/stuudiomoobel.ee\/fi\/wp-json\/wp\/v2\/product"}],"about":[{"href":"https:\/\/stuudiomoobel.ee\/fi\/wp-json\/wp\/v2\/types\/product"}],"replies":[{"embeddable":true,"href":"https:\/\/stuudiomoobel.ee\/fi\/wp-json\/wp\/v2\/comments?post=13734"}],"wp:featuredmedia":[{"embeddable":true,"href":"https:\/\/stuudiomoobel.ee\/fi\/wp-json\/wp\/v2\/media\/13735"}],"wp:attachment":[{"href":"https:\/\/stuudiomoobel.ee\/fi\/wp-json\/wp\/v2\/media?parent=13734"}],"wp:term":[{"taxonomy":"product_cat","embeddable":true,"href":"https:\/\/stuudiomoobel.ee\/fi\/wp-json\/wp\/v2\/product_cat?post=13734"},{"taxonomy":"product_tag","embeddable":true,"href":"https:\/\/stuudiomoobel.ee\/fi\/wp-json\/wp\/v2\/product_tag?post=13734"}],"curies":[{"name":"wp","href":"https:\/\/api.w.org\/{rel}","templated":true}]}}