{"id":13567,"date":"2023-01-09T17:01:12","date_gmt":"2023-01-09T15:01:12","guid":{"rendered":"https:\/\/stuudiomoobel.ee\/pood\/Ei-luokiteltu\/syd-d40-alakaappi-yhdella-ovella-ja-hyllylla-40cm\/"},"modified":"2023-01-09T17:01:12","modified_gmt":"2023-01-09T15:01:12","slug":"syd-d40-alakaappi-yhdella-ovella-ja-hyllylla-40cm","status":"publish","type":"product","link":"https:\/\/stuudiomoobel.ee\/fi\/pood\/keittiot\/keittion-kaapistojen-valinta\/syd-vaalea-puukuvio\/syd-d40-alakaappi-yhdella-ovella-ja-hyllylla-40cm\/","title":{"rendered":"Syd D40 alakaappi yhdell\u00e4 ovella ja hyllyll\u00e4 40cm"},"content":{"rendered":"","protected":false},"excerpt":{"rendered":"<p>Hinta ei sis\u00e4ll\u00e4 ty\u00f6tasoa ja sokkelia.<\/p>\n<p>Oikeak\u00e4tinen.<br \/>\nKaapissa ei ole jalkoja, vaan se nojaa runkoon.<\/p>\n","protected":false},"featured_media":13505,"comment_status":"closed","ping_status":"closed","template":"","meta":{"inline_featured_image":false},"product_cat":[346,355],"product_tag":[],"class_list":{"0":"post-13567","1":"product","2":"type-product","3":"status-publish","4":"has-post-thumbnail","6":"product_cat-keittion-kaapistojen-valinta","7":"product_cat-syd-vaalea-puukuvio","9":"first","10":"instock","11":"taxable","12":"shipping-taxable","13":"purchasable","14":"product-type-simple"},"_links":{"self":[{"href":"https:\/\/stuudiomoobel.ee\/fi\/wp-json\/wp\/v2\/product\/13567","targetHints":{"allow":["GET"]}}],"collection":[{"href":"https:\/\/stuudiomoobel.ee\/fi\/wp-json\/wp\/v2\/product"}],"about":[{"href":"https:\/\/stuudiomoobel.ee\/fi\/wp-json\/wp\/v2\/types\/product"}],"replies":[{"embeddable":true,"href":"https:\/\/stuudiomoobel.ee\/fi\/wp-json\/wp\/v2\/comments?post=13567"}],"wp:featuredmedia":[{"embeddable":true,"href":"https:\/\/stuudiomoobel.ee\/fi\/wp-json\/wp\/v2\/media\/13505"}],"wp:attachment":[{"href":"https:\/\/stuudiomoobel.ee\/fi\/wp-json\/wp\/v2\/media?parent=13567"}],"wp:term":[{"taxonomy":"product_cat","embeddable":true,"href":"https:\/\/stuudiomoobel.ee\/fi\/wp-json\/wp\/v2\/product_cat?post=13567"},{"taxonomy":"product_tag","embeddable":true,"href":"https:\/\/stuudiomoobel.ee\/fi\/wp-json\/wp\/v2\/product_tag?post=13567"}],"curies":[{"name":"wp","href":"https:\/\/api.w.org\/{rel}","templated":true}]}}