{"id":13552,"date":"2022-12-01T12:32:54","date_gmt":"2022-12-01T10:32:54","guid":{"rendered":"https:\/\/stuudiomoobel.ee\/pood\/Ei-luokiteltu\/elica-era-gr-a-52-integroitu-ilmanpuhdistin\/"},"modified":"2022-12-01T12:32:54","modified_gmt":"2022-12-01T10:32:54","slug":"elica-era-gr-a-52-integroitu-ilmanpuhdistin","status":"publish","type":"product","link":"https:\/\/stuudiomoobel.ee\/fi\/pood\/kodinkoneet\/elica-era-gr-a-52-integroitu-ilmanpuhdistin\/","title":{"rendered":"Elica ERA GR\/A\/52 integroitu ilmanpuhdistin"},"content":{"rendered":"<p>Nopeuksien m\u00e4\u00e4r\u00e4: 3 + intensiivinen<\/p>\n<p>Valaistus: LED 2x3W &#8211; 2700K<\/p>\n<p>Virtausm\u00e4\u00e4r\u00e4, IEC(m3\/h) 160-224<\/p>\n<p>Melutaso: 49-66 dB (A)<\/p>\n<p>Ilmanvaihtokanavan halkaisija: 120 mm<\/p>\n<p>Sopiva hiilisuodatin CFC010141571 (ei sis\u00e4lly toimitukseen)<\/p>\n<p>Harmaa runko<\/p>\n<p>Leveys 60cm.<\/p>\n","protected":false},"excerpt":{"rendered":"<p>Nopeuksien m\u00e4\u00e4r\u00e4: 3 + intensiivinen Valaistus: LED 2x3W &#8211; 2700K Virtausm\u00e4\u00e4r\u00e4, IEC(m3\/h) 160-224 Melutaso: 49-66 dB (A) Ilmanvaihtokanavan halkaisija: 120 mm Sopiva hiilisuodatin CFC010141571 (ei sis\u00e4lly toimitukseen) Harmaa runko Leveys 60cm.<\/p>\n","protected":false},"featured_media":13553,"comment_status":"closed","ping_status":"closed","template":"","meta":{"inline_featured_image":false},"product_cat":[360],"product_tag":[],"class_list":{"0":"post-13552","1":"product","2":"type-product","3":"status-publish","4":"has-post-thumbnail","6":"product_cat-kodinkoneet","8":"first","9":"instock","10":"taxable","11":"shipping-taxable","12":"purchasable","13":"product-type-simple"},"_links":{"self":[{"href":"https:\/\/stuudiomoobel.ee\/fi\/wp-json\/wp\/v2\/product\/13552","targetHints":{"allow":["GET"]}}],"collection":[{"href":"https:\/\/stuudiomoobel.ee\/fi\/wp-json\/wp\/v2\/product"}],"about":[{"href":"https:\/\/stuudiomoobel.ee\/fi\/wp-json\/wp\/v2\/types\/product"}],"replies":[{"embeddable":true,"href":"https:\/\/stuudiomoobel.ee\/fi\/wp-json\/wp\/v2\/comments?post=13552"}],"wp:featuredmedia":[{"embeddable":true,"href":"https:\/\/stuudiomoobel.ee\/fi\/wp-json\/wp\/v2\/media\/13553"}],"wp:attachment":[{"href":"https:\/\/stuudiomoobel.ee\/fi\/wp-json\/wp\/v2\/media?parent=13552"}],"wp:term":[{"taxonomy":"product_cat","embeddable":true,"href":"https:\/\/stuudiomoobel.ee\/fi\/wp-json\/wp\/v2\/product_cat?post=13552"},{"taxonomy":"product_tag","embeddable":true,"href":"https:\/\/stuudiomoobel.ee\/fi\/wp-json\/wp\/v2\/product_tag?post=13552"}],"curies":[{"name":"wp","href":"https:\/\/api.w.org\/{rel}","templated":true}]}}