{"id":13548,"date":"2023-01-09T16:45:46","date_gmt":"2023-01-09T14:45:46","guid":{"rendered":"https:\/\/stuudiomoobel.ee\/pood\/Ei-luokiteltu\/syd-g40-ylakaappi-yhdella-ovella-ja-hyllylla-40cm\/"},"modified":"2023-01-09T16:45:46","modified_gmt":"2023-01-09T14:45:46","slug":"syd-g40-ylakaappi-yhdella-ovella-ja-hyllylla-40cm","status":"publish","type":"product","link":"https:\/\/stuudiomoobel.ee\/fi\/pood\/keittiot\/keittion-kaapistojen-valinta\/syd-vaalea-puukuvio\/syd-g40-ylakaappi-yhdella-ovella-ja-hyllylla-40cm\/","title":{"rendered":"Syd G40 yl\u00e4kaappi yhdell\u00e4 ovella ja hyllyll\u00e4 40cm"},"content":{"rendered":"<p>Paremmin k\u00e4sin.<\/p>\n","protected":false},"excerpt":{"rendered":"<p>Keitti\u00f6kalustesarjaan sis\u00e4ltyv\u00e4t Syd.<\/p>\n","protected":false},"featured_media":13520,"comment_status":"closed","ping_status":"closed","template":"","meta":{"inline_featured_image":false},"product_cat":[346,355],"product_tag":[],"class_list":{"0":"post-13548","1":"product","2":"type-product","3":"status-publish","4":"has-post-thumbnail","6":"product_cat-keittion-kaapistojen-valinta","7":"product_cat-syd-vaalea-puukuvio","9":"first","10":"instock","11":"taxable","12":"shipping-taxable","13":"purchasable","14":"product-type-simple"},"_links":{"self":[{"href":"https:\/\/stuudiomoobel.ee\/fi\/wp-json\/wp\/v2\/product\/13548","targetHints":{"allow":["GET"]}}],"collection":[{"href":"https:\/\/stuudiomoobel.ee\/fi\/wp-json\/wp\/v2\/product"}],"about":[{"href":"https:\/\/stuudiomoobel.ee\/fi\/wp-json\/wp\/v2\/types\/product"}],"replies":[{"embeddable":true,"href":"https:\/\/stuudiomoobel.ee\/fi\/wp-json\/wp\/v2\/comments?post=13548"}],"wp:featuredmedia":[{"embeddable":true,"href":"https:\/\/stuudiomoobel.ee\/fi\/wp-json\/wp\/v2\/media\/13520"}],"wp:attachment":[{"href":"https:\/\/stuudiomoobel.ee\/fi\/wp-json\/wp\/v2\/media?parent=13548"}],"wp:term":[{"taxonomy":"product_cat","embeddable":true,"href":"https:\/\/stuudiomoobel.ee\/fi\/wp-json\/wp\/v2\/product_cat?post=13548"},{"taxonomy":"product_tag","embeddable":true,"href":"https:\/\/stuudiomoobel.ee\/fi\/wp-json\/wp\/v2\/product_tag?post=13548"}],"curies":[{"name":"wp","href":"https:\/\/api.w.org\/{rel}","templated":true}]}}