{"id":13537,"date":"2022-11-30T10:19:45","date_gmt":"2022-11-30T08:19:45","guid":{"rendered":"https:\/\/stuudiomoobel.ee\/pood\/Ei-luokiteltu\/lor-ds-6-3-laatikosto-kolmella-laatikolla-aanettomasti-sulkeutuva-60-cm\/"},"modified":"2022-11-30T10:19:45","modified_gmt":"2022-11-30T08:19:45","slug":"lor-ds-6-3-laatikosto-kolmella-laatikolla-aanettomasti-sulkeutuva-60-cm","status":"publish","type":"product","link":"https:\/\/stuudiomoobel.ee\/fi\/pood\/keittiot\/keittion-kaapistojen-valinta\/lor-valkoinen-harmaa-beige-oliivi\/lor-ds-6-3-laatikosto-kolmella-laatikolla-aanettomasti-sulkeutuva-60-cm\/","title":{"rendered":"LOR DS 6\/3 laatikosto kolmella laatikolla, \u00e4\u00e4nett\u00f6m\u00e4sti sulkeutuva 60 cm"},"content":{"rendered":"<p>Lattialaatikkokaappi LOR DS 6\/3, 60x54xK82 cm KOKONAISLUOKITTELU.<\/p>\n<p>Leveys 60 cm<\/p>\n<p>Korkeus 82 cm<\/p>\n<p>Syvyys 54 cm<\/p>\n<p>Runko: melamiinilevy 16 mm.<\/p>\n<p>Runko: valkoinen ja beige valkoinen, harmaanharmaa ja oliivinpuun s\u00e4vy.<\/p>\n<p>Etupaneelit: PVC-pinnoitettu korkealaatuinen MDF-levy.<\/p>\n<p>Ovet: 4 v\u00e4rivaihtoehtoa &#8211; valkoinen, harmaa, beige, oliivi.<\/p>\n<p>Kahvat: musta metallikahva valkoisessa ja harmaassa ovessa, kultainen kahva beige- ja oliivinv\u00e4risess\u00e4 ovessa.<\/p>\n<p>Pohjassa on kaappi, s\u00e4\u00e4dett\u00e4v\u00e4t jalat.<\/p>\n<p>Ty\u00f6tila ei sis\u00e4lly hintaan.<\/p>\n<p>Keitti\u00f6kaappi toimitetaan pakettina ja se on koottava.<\/p>\n","protected":false},"excerpt":{"rendered":"<p>LOR-keitti\u00f6kalustesarjalla saat ajattoman keitti\u00f6n klassiseen pohjoismaiseen tyyliin.<\/p>\n<p>Leveys 60 cm<\/p>\n<p>Korkeus ilman jalkoja 72 cm \/ jalkojen kanssa 82 cm<\/p>\n<p>Syvyys 54 cm<\/p>\n<p>Kaapissa on 3 laatikkoa.<\/p>\n<p>Ovet: 4 v\u00e4rivaihtoehtoa &#8211; valkoinen, harmaa, beige, oliivi.<\/p>\n<p>Runko: valkoinen ja beige valkoinen, harmaanharmaa ja oliivinpuun s\u00e4vy.<\/p>\n<p>Kahvat: musta metallikahva valkoisessa ja harmaassa ovessa, kultainen kahva beige- ja oliivinv\u00e4risess\u00e4 ovessa.<\/p>\n<p>Nopea toimitus.<\/p>\n","protected":false},"featured_media":13538,"comment_status":"closed","ping_status":"closed","template":"","meta":{"inline_featured_image":false},"product_cat":[346,344,352],"product_tag":[],"class_list":{"0":"post-13537","1":"product","2":"type-product","3":"status-publish","4":"has-post-thumbnail","6":"product_cat-keittion-kaapistojen-valinta","7":"product_cat-keittiot","8":"product_cat-lor-valkoinen-harmaa-beige-oliivi","10":"first","11":"instock","12":"taxable","13":"shipping-taxable","14":"purchasable","15":"product-type-variable"},"_links":{"self":[{"href":"https:\/\/stuudiomoobel.ee\/fi\/wp-json\/wp\/v2\/product\/13537","targetHints":{"allow":["GET"]}}],"collection":[{"href":"https:\/\/stuudiomoobel.ee\/fi\/wp-json\/wp\/v2\/product"}],"about":[{"href":"https:\/\/stuudiomoobel.ee\/fi\/wp-json\/wp\/v2\/types\/product"}],"replies":[{"embeddable":true,"href":"https:\/\/stuudiomoobel.ee\/fi\/wp-json\/wp\/v2\/comments?post=13537"}],"wp:featuredmedia":[{"embeddable":true,"href":"https:\/\/stuudiomoobel.ee\/fi\/wp-json\/wp\/v2\/media\/13538"}],"wp:attachment":[{"href":"https:\/\/stuudiomoobel.ee\/fi\/wp-json\/wp\/v2\/media?parent=13537"}],"wp:term":[{"taxonomy":"product_cat","embeddable":true,"href":"https:\/\/stuudiomoobel.ee\/fi\/wp-json\/wp\/v2\/product_cat?post=13537"},{"taxonomy":"product_tag","embeddable":true,"href":"https:\/\/stuudiomoobel.ee\/fi\/wp-json\/wp\/v2\/product_tag?post=13537"}],"curies":[{"name":"wp","href":"https:\/\/api.w.org\/{rel}","templated":true}]}}