{"id":13488,"date":"2022-10-14T15:50:27","date_gmt":"2022-10-14T12:50:27","guid":{"rendered":"https:\/\/stuudiomoobel.ee\/pood\/Ei-luokiteltu\/tv-poyta-pro-light\/"},"modified":"2022-10-14T15:50:27","modified_gmt":"2022-10-14T12:50:27","slug":"tv-poyta-pro-light","status":"publish","type":"product","link":"https:\/\/stuudiomoobel.ee\/fi\/pood\/keittiot\/keittion-kaapistojen-valinta\/pro-valkoinen-puukuvio\/tv-poyta-pro-light\/","title":{"rendered":"TV-p\u00f6yt\u00e4 PRO light"},"content":{"rendered":"<p>Samasta sarjasta on mahdollista yhdist\u00e4\u00e4 koko kodin suunnittelu keitti\u00f6st\u00e4 makuuhuoneeseen.<\/p>\n","protected":false},"excerpt":{"rendered":"<p>Laminaattilevy.<\/p>\n<p>Syvyys 43cm, korkeus 49cm, leveys 158cm.<\/p>\n","protected":false},"featured_media":13459,"comment_status":"closed","ping_status":"closed","template":"","meta":{"inline_featured_image":false},"product_cat":[358,353],"product_tag":[],"class_list":{"0":"post-13488","1":"product","2":"type-product","3":"status-publish","4":"has-post-thumbnail","6":"product_cat-muut-tuotteet","7":"product_cat-pro-valkoinen-puukuvio","9":"first","10":"instock","11":"sale","12":"taxable","13":"shipping-taxable","14":"purchasable","15":"product-type-simple"},"_links":{"self":[{"href":"https:\/\/stuudiomoobel.ee\/fi\/wp-json\/wp\/v2\/product\/13488","targetHints":{"allow":["GET"]}}],"collection":[{"href":"https:\/\/stuudiomoobel.ee\/fi\/wp-json\/wp\/v2\/product"}],"about":[{"href":"https:\/\/stuudiomoobel.ee\/fi\/wp-json\/wp\/v2\/types\/product"}],"replies":[{"embeddable":true,"href":"https:\/\/stuudiomoobel.ee\/fi\/wp-json\/wp\/v2\/comments?post=13488"}],"wp:featuredmedia":[{"embeddable":true,"href":"https:\/\/stuudiomoobel.ee\/fi\/wp-json\/wp\/v2\/media\/13459"}],"wp:attachment":[{"href":"https:\/\/stuudiomoobel.ee\/fi\/wp-json\/wp\/v2\/media?parent=13488"}],"wp:term":[{"taxonomy":"product_cat","embeddable":true,"href":"https:\/\/stuudiomoobel.ee\/fi\/wp-json\/wp\/v2\/product_cat?post=13488"},{"taxonomy":"product_tag","embeddable":true,"href":"https:\/\/stuudiomoobel.ee\/fi\/wp-json\/wp\/v2\/product_tag?post=13488"}],"curies":[{"name":"wp","href":"https:\/\/api.w.org\/{rel}","templated":true}]}}