{"id":13422,"date":"2023-02-03T08:31:26","date_gmt":"2023-02-03T06:31:26","guid":{"rendered":"https:\/\/stuudiomoobel.ee\/pood\/Ei-luokiteltu\/eli-spm-6-korkea-integroitu-mikroaaltouuni-ja-uuni-60cm\/"},"modified":"2023-02-03T08:31:26","modified_gmt":"2023-02-03T06:31:26","slug":"eli-spm-6-korkea-integroitu-mikroaaltouuni-ja-uuni-60cm","status":"publish","type":"product","link":"https:\/\/stuudiomoobel.ee\/fi\/pood\/keittiot\/keittion-kaapistojen-valinta\/eli-valkoinen-vaaleanharmaa-tummanharmaa-vaaleansininen-tummansininen\/eli-spm-6-korkea-integroitu-mikroaaltouuni-ja-uuni-60cm\/","title":{"rendered":"ELI SPM 6 korkea integroitu mikroaaltouuni ja uuni 60cm"},"content":{"rendered":"<p>Jos haluat ajattoman keitti\u00f6n, jossa on klassinen pohjoismainen tyyli, voit t\u00e4ydent\u00e4\u00e4 keitti\u00f6t\u00e4si ELI-keitti\u00f6kalustekaapeilla.<\/p>\n<p>Korkeus 214 cm (sopii yl\u00e4kaappien kanssa, joiden korkeus on 72 cm).<\/p>\n<p>Korkeus 236 cm (sopii 94 cm korkeiden yl\u00e4kaappien kanssa).<\/p>\n<p>Syvyys 58 cm<\/p>\n<p>Runko: melamiinilevy 16 mm, valkoinen.<\/p>\n<p>Etupaneelit: PVC-pinnoitettu korkealaatuinen MDF-levy.<\/p>\n<p>Ovet: 5 v\u00e4rivaihtoehtoa &#8211; valkoinen, vaaleanharmaa, tummanharmaa, vaaleansininen, tummansininen.<\/p>\n<p>Kaapin mukana tuleva jalusta, s\u00e4\u00e4dett\u00e4v\u00e4t jalat<\/p>\n<p>Keitti\u00f6kaappi toimitetaan pakettina ja se on koottava.<\/p>\n","protected":false},"excerpt":{"rendered":"<p>Korkea integroitu mikro- ja uunikaappi.<\/p>\n<p>Luukku uunin alla.<\/p>\n<p>Ovet: 5 v\u00e4rivaihtoehtoa &#8211; valkoinen, vaaleanharmaa, tummanharmaa, vaaleansininen, tummansininen.<\/p>\n<p>Leveys 60 cm<\/p>\n<p>Korkeus 214 cm tai 236 cm<\/p>\n<p>Syvyys 58 cm<\/p>\n<p>Musta metallikahva. Lis\u00e4varusteena kultainen kahva. <\/p>\n","protected":false},"featured_media":13015,"comment_status":"closed","ping_status":"closed","template":"","meta":{"inline_featured_image":false},"product_cat":[348,346,344],"product_tag":[],"class_list":{"0":"post-13422","1":"product","2":"type-product","3":"status-publish","4":"has-post-thumbnail","6":"product_cat-eli-valkoinen-vaaleanharmaa-tummanharmaa-vaaleansininen-tummansininen","7":"product_cat-keittion-kaapistojen-valinta","8":"product_cat-keittiot","10":"first","11":"instock","12":"taxable","13":"shipping-taxable","14":"purchasable","15":"product-type-variable"},"_links":{"self":[{"href":"https:\/\/stuudiomoobel.ee\/fi\/wp-json\/wp\/v2\/product\/13422","targetHints":{"allow":["GET"]}}],"collection":[{"href":"https:\/\/stuudiomoobel.ee\/fi\/wp-json\/wp\/v2\/product"}],"about":[{"href":"https:\/\/stuudiomoobel.ee\/fi\/wp-json\/wp\/v2\/types\/product"}],"replies":[{"embeddable":true,"href":"https:\/\/stuudiomoobel.ee\/fi\/wp-json\/wp\/v2\/comments?post=13422"}],"wp:featuredmedia":[{"embeddable":true,"href":"https:\/\/stuudiomoobel.ee\/fi\/wp-json\/wp\/v2\/media\/13015"}],"wp:attachment":[{"href":"https:\/\/stuudiomoobel.ee\/fi\/wp-json\/wp\/v2\/media?parent=13422"}],"wp:term":[{"taxonomy":"product_cat","embeddable":true,"href":"https:\/\/stuudiomoobel.ee\/fi\/wp-json\/wp\/v2\/product_cat?post=13422"},{"taxonomy":"product_tag","embeddable":true,"href":"https:\/\/stuudiomoobel.ee\/fi\/wp-json\/wp\/v2\/product_tag?post=13422"}],"curies":[{"name":"wp","href":"https:\/\/api.w.org\/{rel}","templated":true}]}}