{"id":13300,"date":"2023-02-03T10:02:56","date_gmt":"2023-02-03T08:02:56","guid":{"rendered":"https:\/\/stuudiomoobel.ee\/pood\/Ei-luokiteltu\/eli-dpp-105-65-alakulmakaappi-105-ja-65cm\/"},"modified":"2023-02-03T10:02:56","modified_gmt":"2023-02-03T08:02:56","slug":"eli-dpp-105-65-alakulmakaappi-105-ja-65cm","status":"publish","type":"product","link":"https:\/\/stuudiomoobel.ee\/fi\/pood\/keittiot\/keittion-kaapistojen-valinta\/eli-valkoinen-vaaleanharmaa-tummanharmaa-vaaleansininen-tummansininen\/eli-dpp-105-65-alakulmakaappi-105-ja-65cm\/","title":{"rendered":"ELI DPP 105\/65 alakulmakaappi 105 ja 65cm"},"content":{"rendered":"<p>Jos haluat ajattoman keitti\u00f6n, jossa on klassinen pohjoismainen tyyli, voit t\u00e4ydent\u00e4\u00e4 keitti\u00f6t\u00e4si ELI-keitti\u00f6kalustekaapeilla.<\/p>\n<p>Yksiovinen kaappi on suunniteltu kulmak\u00e4ytt\u00f6\u00f6n.<\/p>\n<p>Toinen sein\u00e4 on 105 cm ja toinen 65 cm.<\/p>\n<p>On mahdollista valita oven avautumispuoli taittamisen yhteydess\u00e4 (oikea tai vasen).<\/p>\n<p>Runko: melamiinilevy 16 mm, valkoinen.<\/p>\n<p>Etupaneelit: PVC-pinnoitettu korkealaatuinen MDF-levy.<\/p>\n<p>Ovet: 5 v\u00e4rivaihtoehtoa &#8211; valkoinen, vaaleanharmaa, tummanharmaa, vaaleansininen, tummansininen.<\/p>\n<p>Pohjassa on kaappi, s\u00e4\u00e4dett\u00e4v\u00e4t jalat.<\/p>\n<p>Ty\u00f6tila ei sis\u00e4lly hintaan.<\/p>\n<p>Keitti\u00f6kaappi toimitetaan pakettina ja se on koottava.<\/p>\n","protected":false},"excerpt":{"rendered":"<p>Kulmakaappi keitti\u00f6\u00f6n.<\/p>\n<p>Ovet: 5 v\u00e4rivaihtoehtoa &#8211; valkoinen, vaaleanharmaa, tummanharmaa, vaaleansininen, tummansininen.<\/p>\n<p>Leveys 85 cm \/ 105 cm ty\u00f6tason koko<\/p>\n<p>Korkeus 82 cm<\/p>\n<p>Syvyys 54\/61 cm<\/p>\n<p>Musta metallikahva. Lis\u00e4varusteena kultainen kahva. <\/p>\n","protected":false},"featured_media":13009,"comment_status":"closed","ping_status":"closed","template":"","meta":{"inline_featured_image":false},"product_cat":[348,346,344],"product_tag":[],"class_list":{"0":"post-13300","1":"product","2":"type-product","3":"status-publish","4":"has-post-thumbnail","6":"product_cat-eli-valkoinen-vaaleanharmaa-tummanharmaa-vaaleansininen-tummansininen","7":"product_cat-keittion-kaapistojen-valinta","8":"product_cat-keittiot","10":"first","11":"instock","12":"taxable","13":"shipping-taxable","14":"purchasable","15":"product-type-variable"},"_links":{"self":[{"href":"https:\/\/stuudiomoobel.ee\/fi\/wp-json\/wp\/v2\/product\/13300","targetHints":{"allow":["GET"]}}],"collection":[{"href":"https:\/\/stuudiomoobel.ee\/fi\/wp-json\/wp\/v2\/product"}],"about":[{"href":"https:\/\/stuudiomoobel.ee\/fi\/wp-json\/wp\/v2\/types\/product"}],"replies":[{"embeddable":true,"href":"https:\/\/stuudiomoobel.ee\/fi\/wp-json\/wp\/v2\/comments?post=13300"}],"wp:featuredmedia":[{"embeddable":true,"href":"https:\/\/stuudiomoobel.ee\/fi\/wp-json\/wp\/v2\/media\/13009"}],"wp:attachment":[{"href":"https:\/\/stuudiomoobel.ee\/fi\/wp-json\/wp\/v2\/media?parent=13300"}],"wp:term":[{"taxonomy":"product_cat","embeddable":true,"href":"https:\/\/stuudiomoobel.ee\/fi\/wp-json\/wp\/v2\/product_cat?post=13300"},{"taxonomy":"product_tag","embeddable":true,"href":"https:\/\/stuudiomoobel.ee\/fi\/wp-json\/wp\/v2\/product_tag?post=13300"}],"curies":[{"name":"wp","href":"https:\/\/api.w.org\/{rel}","templated":true}]}}