{"id":13259,"date":"2023-02-03T08:43:53","date_gmt":"2023-02-03T06:43:53","guid":{"rendered":"https:\/\/stuudiomoobel.ee\/pood\/Ei-luokiteltu\/eli-fz-6b-ovi-integroituun-astianpesukoneeseen-60cm\/"},"modified":"2023-02-03T08:43:53","modified_gmt":"2023-02-03T06:43:53","slug":"eli-fz-6b-ovi-integroituun-astianpesukoneeseen-60cm","status":"publish","type":"product","link":"https:\/\/stuudiomoobel.ee\/fi\/pood\/keittiot\/keittion-kaapistojen-valinta\/eli-valkoinen-vaaleanharmaa-tummanharmaa-vaaleansininen-tummansininen\/eli-fz-6b-ovi-integroituun-astianpesukoneeseen-60cm\/","title":{"rendered":"ELI FZ 6B ovi integroituun astianpesukoneeseen 60cm"},"content":{"rendered":"<p>Klassisen pohjoismaista tyyli\u00e4 edustava ajaton keitti\u00f6 voidaan viimeistell\u00e4 ELI-keitti\u00f6kalustekaapeilla.<\/p>\n<p>Ovi integroidulle astianpesukoneelle.<\/p>\n<p>Ovet: 5 v\u00e4rivaihtoehtoa &#8211; valkoinen, vaaleanharmaa, tummanharmaa, vaaleansininen, tummansininen<\/p>\n<p>Etulevyt: korkealaatuinen MDF-levy, jossa on pvc-pinnoite.<\/p>\n<p>Pohjahylly sis\u00e4ltyy hintaan.<\/p>\n<p>Hinta ei sis\u00e4ll\u00e4 ty\u00f6tasoa.<\/p>\n","protected":false},"excerpt":{"rendered":"<p>Sis\u00e4\u00e4nrakennetun astianpesukoneen ovi.<\/p>\n<p>Saatavana 5 v\u00e4ri\u00e4 &#8211; valkoinen, vaaleanharmaa, tummanharmaa, vaaleansininen, tummansininen.<\/p>\n<p>Leveys 60 cm<\/p>\n<p>Korkeus 71,3 cm<\/p>\n<p>Syvyys 1,8 cm<\/p>\n<p>Musta metallikahva. Lis\u00e4varusteena kultainen kahva. <\/p>\n","protected":false},"featured_media":12460,"comment_status":"closed","ping_status":"closed","template":"","meta":{"inline_featured_image":false},"product_cat":[348,346,344],"product_tag":[],"class_list":{"0":"post-13259","1":"product","2":"type-product","3":"status-publish","4":"has-post-thumbnail","6":"product_cat-eli-valkoinen-vaaleanharmaa-tummanharmaa-vaaleansininen-tummansininen","7":"product_cat-keittion-kaapistojen-valinta","8":"product_cat-keittiot","10":"first","11":"instock","12":"taxable","13":"shipping-taxable","14":"purchasable","15":"product-type-variable"},"_links":{"self":[{"href":"https:\/\/stuudiomoobel.ee\/fi\/wp-json\/wp\/v2\/product\/13259","targetHints":{"allow":["GET"]}}],"collection":[{"href":"https:\/\/stuudiomoobel.ee\/fi\/wp-json\/wp\/v2\/product"}],"about":[{"href":"https:\/\/stuudiomoobel.ee\/fi\/wp-json\/wp\/v2\/types\/product"}],"replies":[{"embeddable":true,"href":"https:\/\/stuudiomoobel.ee\/fi\/wp-json\/wp\/v2\/comments?post=13259"}],"wp:featuredmedia":[{"embeddable":true,"href":"https:\/\/stuudiomoobel.ee\/fi\/wp-json\/wp\/v2\/media\/12460"}],"wp:attachment":[{"href":"https:\/\/stuudiomoobel.ee\/fi\/wp-json\/wp\/v2\/media?parent=13259"}],"wp:term":[{"taxonomy":"product_cat","embeddable":true,"href":"https:\/\/stuudiomoobel.ee\/fi\/wp-json\/wp\/v2\/product_cat?post=13259"},{"taxonomy":"product_tag","embeddable":true,"href":"https:\/\/stuudiomoobel.ee\/fi\/wp-json\/wp\/v2\/product_tag?post=13259"}],"curies":[{"name":"wp","href":"https:\/\/api.w.org\/{rel}","templated":true}]}}