{"id":13248,"date":"2023-02-03T10:15:41","date_gmt":"2023-02-03T08:15:41","guid":{"rendered":"https:\/\/stuudiomoobel.ee\/pood\/Ei-luokiteltu\/lor-dpp-110-65-alakulmakaappi-110-ja-65cm\/"},"modified":"2023-02-03T10:15:41","modified_gmt":"2023-02-03T08:15:41","slug":"lor-dpp-110-65-alakulmakaappi-110-ja-65cm","status":"publish","type":"product","link":"https:\/\/stuudiomoobel.ee\/fi\/pood\/keittiot\/keittion-kaapistojen-valinta\/lor-valkoinen-harmaa-beige-oliivi\/lor-dpp-110-65-alakulmakaappi-110-ja-65cm\/","title":{"rendered":"LOR DPP 110\/65 alakulmakaappi 110 ja 65cm"},"content":{"rendered":"<p>Kaapin leveys 90 cm\/ty\u00f6taso 110 cm<\/p>\n<p>Kaappi vie yhdest\u00e4 sein\u00e4st\u00e4 110 cm ja toisesta sein\u00e4st\u00e4 65 cm.<\/p>\n<p>Korkeus 82 cm<\/p>\n<p>Syvyys 54\/61 cm<\/p>\n<p>Runko: melamiinilevy 16 mm.<\/p>\n<p>Runko: valkoinen ja beige valkoinen, harmaanharmaa ja oliivinpuun s\u00e4vy.<\/p>\n<p>Etupaneelit: PVC-pinnoitettu korkealaatuinen MDF-levy.<\/p>\n<p>Ovet: 4 v\u00e4rivaihtoehtoa &#8211; valkoinen, harmaa, beige, oliivi.<\/p>\n<p>Kahvat: musta metallikahva valkoisessa ja harmaassa ovessa, kultainen kahva beige- ja oliivinv\u00e4risess\u00e4 ovessa.<\/p>\n<p>Pohjassa on kaappi, s\u00e4\u00e4dett\u00e4v\u00e4t jalat.<\/p>\n<p>Ty\u00f6tila ei sis\u00e4lly hintaan.<\/p>\n<p>Keitti\u00f6kaappi toimitetaan pakettina ja se on koottava.<\/p>\n","protected":false},"excerpt":{"rendered":"<p>Ajaton keitti\u00f6 klassiseen pohjoismaiseen tyyliin LOR-keitti\u00f6kalustesarjalla.<\/p>\n<p>Ovet: 4 v\u00e4rivaihtoehtoa &#8211; valkoinen, harmaa, beige, oliivi.<\/p>\n<p>Runko: valkoinen ja beige valkoisena, harmaa harmaana ja oliivi puun s\u00e4vyisen\u00e4.<\/p>\n<p>Kahvat: musta metallikahva valkoisessa ja harmaassa ovessa, kultainen kahva beigen ja oliivin ovessa.<\/p>\n<p>Yksiovinen kaappi on suunniteltu kulmakaapiksi.<\/p>\n<p>Oven avautumispuoli voidaan valita kokoonpanon yhteydess\u00e4 (oikea tai vasen).<\/p>\n<p>Nopea toimitus. Saatavana valkoisena, harmaana, beigen\u00e4 ja oliivina.<\/p>\n","protected":false},"featured_media":13158,"comment_status":"closed","ping_status":"closed","template":"","meta":{"inline_featured_image":false},"product_cat":[346,344,352],"product_tag":[],"class_list":{"0":"post-13248","1":"product","2":"type-product","3":"status-publish","4":"has-post-thumbnail","6":"product_cat-keittion-kaapistojen-valinta","7":"product_cat-keittiot","8":"product_cat-lor-valkoinen-harmaa-beige-oliivi","10":"first","11":"instock","12":"taxable","13":"shipping-taxable","14":"purchasable","15":"product-type-variable"},"_links":{"self":[{"href":"https:\/\/stuudiomoobel.ee\/fi\/wp-json\/wp\/v2\/product\/13248","targetHints":{"allow":["GET"]}}],"collection":[{"href":"https:\/\/stuudiomoobel.ee\/fi\/wp-json\/wp\/v2\/product"}],"about":[{"href":"https:\/\/stuudiomoobel.ee\/fi\/wp-json\/wp\/v2\/types\/product"}],"replies":[{"embeddable":true,"href":"https:\/\/stuudiomoobel.ee\/fi\/wp-json\/wp\/v2\/comments?post=13248"}],"wp:featuredmedia":[{"embeddable":true,"href":"https:\/\/stuudiomoobel.ee\/fi\/wp-json\/wp\/v2\/media\/13158"}],"wp:attachment":[{"href":"https:\/\/stuudiomoobel.ee\/fi\/wp-json\/wp\/v2\/media?parent=13248"}],"wp:term":[{"taxonomy":"product_cat","embeddable":true,"href":"https:\/\/stuudiomoobel.ee\/fi\/wp-json\/wp\/v2\/product_cat?post=13248"},{"taxonomy":"product_tag","embeddable":true,"href":"https:\/\/stuudiomoobel.ee\/fi\/wp-json\/wp\/v2\/product_tag?post=13248"}],"curies":[{"name":"wp","href":"https:\/\/api.w.org\/{rel}","templated":true}]}}