{"id":13235,"date":"2022-05-28T09:49:05","date_gmt":"2022-05-28T06:49:05","guid":{"rendered":"https:\/\/stuudiomoobel.ee\/pood\/Ei-luokiteltu\/vaaleanpunainen-pro-harmaa\/"},"modified":"2022-05-28T09:49:05","modified_gmt":"2022-05-28T06:49:05","slug":"vaaleanpunainen-pro-harmaa","status":"publish","type":"product","link":"https:\/\/stuudiomoobel.ee\/fi\/pood\/kaapit-ja-lipastot\/lipastot\/vaaleanpunainen-pro-harmaa\/","title":{"rendered":"Vaaleanpunainen PRO harmaa"},"content":{"rendered":"<p>Monik\u00e4ytt\u00f6inen huonekalu &#8211; k\u00e4yt\u00e4 pienen\u00e4 kaappina tai lipastona lastenhuoneessa, olohuoneessa, makuuhuoneessa tai vaikka penkkin\u00e4 ja kenk\u00e4kaappina eteisess\u00e4.<\/p>\n<p>Katso my\u00f6s hieman isompi lipasto samasta sarjasta <a href=\"https:\/\/stuudiomoobel.ee\/pood\/kapid-ja-kummutid\/kummutid\/kummut-pro-hall-3sp\/\" target=\"_blank\" rel=\"noopener\">T\u00c4ST\u00c4.<\/a><\/p>\n","protected":false},"excerpt":{"rendered":"<p>Laminaattilevy.<\/p>\n<p>Syvyys 43cm, korkeus 48,5cm, leveys 110cm.<\/p>\n","protected":false},"featured_media":13236,"comment_status":"closed","ping_status":"closed","template":"","meta":{"inline_featured_image":false},"product_cat":[340,341,358,353],"product_tag":[],"class_list":{"0":"post-13235","1":"product","2":"type-product","3":"status-publish","4":"has-post-thumbnail","6":"product_cat-kaapit-ja-lipastot","7":"product_cat-lipastot","8":"product_cat-muut-tuotteet","9":"product_cat-pro-valkoinen-puukuvio","11":"first","12":"instock","13":"sale","14":"taxable","15":"shipping-taxable","16":"purchasable","17":"product-type-simple"},"_links":{"self":[{"href":"https:\/\/stuudiomoobel.ee\/fi\/wp-json\/wp\/v2\/product\/13235","targetHints":{"allow":["GET"]}}],"collection":[{"href":"https:\/\/stuudiomoobel.ee\/fi\/wp-json\/wp\/v2\/product"}],"about":[{"href":"https:\/\/stuudiomoobel.ee\/fi\/wp-json\/wp\/v2\/types\/product"}],"replies":[{"embeddable":true,"href":"https:\/\/stuudiomoobel.ee\/fi\/wp-json\/wp\/v2\/comments?post=13235"}],"wp:featuredmedia":[{"embeddable":true,"href":"https:\/\/stuudiomoobel.ee\/fi\/wp-json\/wp\/v2\/media\/13236"}],"wp:attachment":[{"href":"https:\/\/stuudiomoobel.ee\/fi\/wp-json\/wp\/v2\/media?parent=13235"}],"wp:term":[{"taxonomy":"product_cat","embeddable":true,"href":"https:\/\/stuudiomoobel.ee\/fi\/wp-json\/wp\/v2\/product_cat?post=13235"},{"taxonomy":"product_tag","embeddable":true,"href":"https:\/\/stuudiomoobel.ee\/fi\/wp-json\/wp\/v2\/product_tag?post=13235"}],"curies":[{"name":"wp","href":"https:\/\/api.w.org\/{rel}","templated":true}]}}