{"id":13177,"date":"2022-08-22T11:51:02","date_gmt":"2022-08-22T08:51:02","guid":{"rendered":"https:\/\/stuudiomoobel.ee\/pood\/Ei-luokiteltu\/lor-d-3-alakaappi-30cm\/"},"modified":"2022-08-22T11:51:02","modified_gmt":"2022-08-22T08:51:02","slug":"lor-d-3-alakaappi-30cm","status":"publish","type":"product","link":"https:\/\/stuudiomoobel.ee\/fi\/pood\/keittiot\/keittion-kaapistojen-valinta\/lor-valkoinen-harmaa-beige-oliivi\/lor-d-3-alakaappi-30cm\/","title":{"rendered":"LOR D 3 alakaappi 30cm"},"content":{"rendered":"<p>Jos haluat ajattoman keitti\u00f6n, jossa on klassinen pohjoismainen tyyli, voit t\u00e4ydent\u00e4\u00e4 keitti\u00f6t\u00e4si LOR-keitti\u00f6kaapeilla.<\/p>\n<p>Korkeus 82 cm<\/p>\n<p>Syvyys 54 cm<\/p>\n<p>Runko: melamiinilevy 16 mm.<\/p>\n<p>Runko: valkoinen ja beige valkoinen, harmaanharmaa ja oliivinpuun s\u00e4vy.<\/p>\n<p>Etupaneelit: PVC-pinnoitettu korkealaatuinen MDF-levy.<\/p>\n<p>Ovet: 4 v\u00e4rivaihtoehtoa &#8211; valkoinen, harmaa, beige, oliivi.<\/p>\n<p>Kahvat: musta metallikahva valkoisessa ja harmaassa ovessa, kultainen kahva beige- ja oliivinv\u00e4risess\u00e4 ovessa.<\/p>\n<p>Pohjassa on kaappi, s\u00e4\u00e4dett\u00e4v\u00e4t jalat.<\/p>\n<p>Ty\u00f6tila ei sis\u00e4lly hintaan.<\/p>\n<p>Keitti\u00f6kaappi toimitetaan pakettina ja se on koottava.<\/p>\n","protected":false},"excerpt":{"rendered":"<p>Alakaappi yhdell\u00e4 ovella, s\u00e4\u00e4dett\u00e4v\u00e4 juoksevuus.<\/p>\n<p>Leveys 30 cm<\/p>\n<p>Korkeus ilman jalkoja 72 cm \/ jalkojen kanssa 82 cm<\/p>\n<p>Syvyys 54 cm<\/p>\n<p>Ovet: 4 v\u00e4rivaihtoehtoa &#8211; valkoinen, harmaa, beige, oliivi.<\/p>\n<p>Runko: valkoinen valkoiselle ja beigelle, harmaa harmaalle ja oliivin s\u00e4vyinen puun s\u00e4vyyn.<\/p>\n<p>Kahvat: musta metallikahva valkoisille ja harmaille oville, kultainen kahva beigelle ja oliivin s\u00e4vyisille oville.<\/p>\n","protected":false},"featured_media":13180,"comment_status":"closed","ping_status":"closed","template":"","meta":{"inline_featured_image":false},"product_cat":[346,344,352],"product_tag":[],"class_list":{"0":"post-13177","1":"product","2":"type-product","3":"status-publish","4":"has-post-thumbnail","6":"product_cat-keittion-kaapistojen-valinta","7":"product_cat-keittiot","8":"product_cat-lor-valkoinen-harmaa-beige-oliivi","10":"first","11":"instock","12":"taxable","13":"shipping-taxable","14":"purchasable","15":"product-type-variable"},"_links":{"self":[{"href":"https:\/\/stuudiomoobel.ee\/fi\/wp-json\/wp\/v2\/product\/13177","targetHints":{"allow":["GET"]}}],"collection":[{"href":"https:\/\/stuudiomoobel.ee\/fi\/wp-json\/wp\/v2\/product"}],"about":[{"href":"https:\/\/stuudiomoobel.ee\/fi\/wp-json\/wp\/v2\/types\/product"}],"replies":[{"embeddable":true,"href":"https:\/\/stuudiomoobel.ee\/fi\/wp-json\/wp\/v2\/comments?post=13177"}],"wp:featuredmedia":[{"embeddable":true,"href":"https:\/\/stuudiomoobel.ee\/fi\/wp-json\/wp\/v2\/media\/13180"}],"wp:attachment":[{"href":"https:\/\/stuudiomoobel.ee\/fi\/wp-json\/wp\/v2\/media?parent=13177"}],"wp:term":[{"taxonomy":"product_cat","embeddable":true,"href":"https:\/\/stuudiomoobel.ee\/fi\/wp-json\/wp\/v2\/product_cat?post=13177"},{"taxonomy":"product_tag","embeddable":true,"href":"https:\/\/stuudiomoobel.ee\/fi\/wp-json\/wp\/v2\/product_tag?post=13177"}],"curies":[{"name":"wp","href":"https:\/\/api.w.org\/{rel}","templated":true}]}}