{"id":13149,"date":"2022-08-15T17:49:18","date_gmt":"2022-08-15T14:49:18","guid":{"rendered":"https:\/\/stuudiomoobel.ee\/pood\/Ei-luokiteltu\/lor-fz-45b-ovi-integroituun-astianpesukoneeseen-45cm\/"},"modified":"2022-08-15T17:49:18","modified_gmt":"2022-08-15T14:49:18","slug":"lor-fz-45b-ovi-integroituun-astianpesukoneeseen-45cm","status":"publish","type":"product","link":"https:\/\/stuudiomoobel.ee\/fi\/pood\/keittiot\/keittion-kaapistojen-valinta\/lor-valkoinen-harmaa-beige-oliivi\/lor-fz-45b-ovi-integroituun-astianpesukoneeseen-45cm\/","title":{"rendered":"LOR FZ 45B ovi integroituun astianpesukoneeseen 45cm"},"content":{"rendered":"<p>Leveys 45 cm<\/p>\n<p>Korkeus 71,3 cm<\/p>\n<p>Syvyys 1,6 cm<\/p>\n<p>Runko: melamiinilevy 16 mm.<\/p>\n<p>Etupaneelit: PVC-pinnoitettu korkealaatuinen MDF-levy.<\/p>\n<p>Ovet: 4 v\u00e4rivaihtoehtoa &#8211; valkoinen, harmaa, beige, oliivi.<\/p>\n<p>Kahvat: musta metallikahva valkoisessa ja harmaassa ovessa, kultainen kahva beige- ja oliivinv\u00e4risess\u00e4 ovessa.<\/p>\n<p>Pohjassa on kaappi, s\u00e4\u00e4dett\u00e4v\u00e4t jalat.<\/p>\n<p>Ty\u00f6tila ei sis\u00e4lly hintaan.<\/p>\n<p>Keitti\u00f6kaappi toimitetaan pakettina ja se on koottava.<\/p>\n","protected":false},"excerpt":{"rendered":"<p>Ajaton keitti\u00f6 klassiseen pohjoismaiseen tyyliin LOR-keitti\u00f6kalustesarjalla.<\/p>\n<p>Ovi integroidulle astianpesukoneelle.<\/p>\n<p>Ovet: 4 v\u00e4rivaihtoehtoa &#8211; valkoinen, harmaa, beige, oliivi.<\/p>\n<p>Kahvat: valkoinen ja harmaa ovi mustalla metallikahvalla, beige ja oliivi ovi kultaisella kahvalla.<\/p>\n<p>Nopea toimitus.<\/p>\n","protected":false},"featured_media":13152,"comment_status":"closed","ping_status":"closed","template":"","meta":{"inline_featured_image":false},"product_cat":[346,344,352],"product_tag":[],"class_list":{"0":"post-13149","1":"product","2":"type-product","3":"status-publish","4":"has-post-thumbnail","6":"product_cat-keittion-kaapistojen-valinta","7":"product_cat-keittiot","8":"product_cat-lor-valkoinen-harmaa-beige-oliivi","10":"first","11":"instock","12":"taxable","13":"shipping-taxable","14":"purchasable","15":"product-type-variable"},"_links":{"self":[{"href":"https:\/\/stuudiomoobel.ee\/fi\/wp-json\/wp\/v2\/product\/13149","targetHints":{"allow":["GET"]}}],"collection":[{"href":"https:\/\/stuudiomoobel.ee\/fi\/wp-json\/wp\/v2\/product"}],"about":[{"href":"https:\/\/stuudiomoobel.ee\/fi\/wp-json\/wp\/v2\/types\/product"}],"replies":[{"embeddable":true,"href":"https:\/\/stuudiomoobel.ee\/fi\/wp-json\/wp\/v2\/comments?post=13149"}],"wp:featuredmedia":[{"embeddable":true,"href":"https:\/\/stuudiomoobel.ee\/fi\/wp-json\/wp\/v2\/media\/13152"}],"wp:attachment":[{"href":"https:\/\/stuudiomoobel.ee\/fi\/wp-json\/wp\/v2\/media?parent=13149"}],"wp:term":[{"taxonomy":"product_cat","embeddable":true,"href":"https:\/\/stuudiomoobel.ee\/fi\/wp-json\/wp\/v2\/product_cat?post=13149"},{"taxonomy":"product_tag","embeddable":true,"href":"https:\/\/stuudiomoobel.ee\/fi\/wp-json\/wp\/v2\/product_tag?post=13149"}],"curies":[{"name":"wp","href":"https:\/\/api.w.org\/{rel}","templated":true}]}}