{"id":13138,"date":"2022-05-28T09:57:08","date_gmt":"2022-05-28T06:57:08","guid":{"rendered":"https:\/\/stuudiomoobel.ee\/pood\/Ei-luokiteltu\/lipasto-pro-harmaa\/"},"modified":"2022-05-28T09:57:08","modified_gmt":"2022-05-28T06:57:08","slug":"lipasto-pro-harmaa","status":"publish","type":"product","link":"https:\/\/stuudiomoobel.ee\/fi\/pood\/kaapit-ja-lipastot\/lipastot\/lipasto-pro-harmaa\/","title":{"rendered":"Lipasto PRO harmaa"},"content":{"rendered":"","protected":false},"excerpt":{"rendered":"<p>K\u00e4yt\u00e4nn\u00f6llinen lipasto kuudella laatikolla esimerkiksi eteiseen tai olohuoneeseen.<\/p>\n<p>Laminaattilevy.<\/p>\n<p>Syvyys 43cm, korkeus 68cm, leveys 130cm.<\/p>\n","protected":false},"featured_media":13139,"comment_status":"closed","ping_status":"closed","template":"","meta":{"inline_featured_image":false},"product_cat":[340,341,353],"product_tag":[],"class_list":{"0":"post-13138","1":"product","2":"type-product","3":"status-publish","4":"has-post-thumbnail","6":"product_cat-kaapit-ja-lipastot","7":"product_cat-lipastot","8":"product_cat-pro-valkoinen-puukuvio","10":"first","11":"instock","12":"sale","13":"taxable","14":"shipping-taxable","15":"purchasable","16":"product-type-simple"},"_links":{"self":[{"href":"https:\/\/stuudiomoobel.ee\/fi\/wp-json\/wp\/v2\/product\/13138","targetHints":{"allow":["GET"]}}],"collection":[{"href":"https:\/\/stuudiomoobel.ee\/fi\/wp-json\/wp\/v2\/product"}],"about":[{"href":"https:\/\/stuudiomoobel.ee\/fi\/wp-json\/wp\/v2\/types\/product"}],"replies":[{"embeddable":true,"href":"https:\/\/stuudiomoobel.ee\/fi\/wp-json\/wp\/v2\/comments?post=13138"}],"wp:featuredmedia":[{"embeddable":true,"href":"https:\/\/stuudiomoobel.ee\/fi\/wp-json\/wp\/v2\/media\/13139"}],"wp:attachment":[{"href":"https:\/\/stuudiomoobel.ee\/fi\/wp-json\/wp\/v2\/media?parent=13138"}],"wp:term":[{"taxonomy":"product_cat","embeddable":true,"href":"https:\/\/stuudiomoobel.ee\/fi\/wp-json\/wp\/v2\/product_cat?post=13138"},{"taxonomy":"product_tag","embeddable":true,"href":"https:\/\/stuudiomoobel.ee\/fi\/wp-json\/wp\/v2\/product_tag?post=13138"}],"curies":[{"name":"wp","href":"https:\/\/api.w.org\/{rel}","templated":true}]}}