{"id":13124,"date":"2022-05-28T09:56:15","date_gmt":"2022-05-28T06:56:15","guid":{"rendered":"https:\/\/stuudiomoobel.ee\/pood\/Ei-luokiteltu\/lipasto-pro-light\/"},"modified":"2022-05-28T09:56:15","modified_gmt":"2022-05-28T06:56:15","slug":"lipasto-pro-light","status":"publish","type":"product","link":"https:\/\/stuudiomoobel.ee\/fi\/pood\/kaapit-ja-lipastot\/lipastot\/lipasto-pro-light\/","title":{"rendered":"Lipasto PRO light"},"content":{"rendered":"","protected":false},"excerpt":{"rendered":"<p>T\u00e4m\u00e4 k\u00e4yt\u00e4nn\u00f6llinen lipasto, jossa on kuusi laatikkoa, tuo valoa ja kodikkuutta jokaiseen huoneeseen.<\/p>\n<p>Laminaattipinta.<\/p>\n<p>Syvyys 43cm, korkeus 68cm, leveys 130cm.<\/p>\n","protected":false},"featured_media":13128,"comment_status":"closed","ping_status":"closed","template":"","meta":{"inline_featured_image":false},"product_cat":[340,341,353],"product_tag":[],"class_list":{"0":"post-13124","1":"product","2":"type-product","3":"status-publish","4":"has-post-thumbnail","6":"product_cat-kaapit-ja-lipastot","7":"product_cat-lipastot","8":"product_cat-pro-valkoinen-puukuvio","10":"first","11":"instock","12":"sale","13":"taxable","14":"shipping-taxable","15":"purchasable","16":"product-type-simple"},"_links":{"self":[{"href":"https:\/\/stuudiomoobel.ee\/fi\/wp-json\/wp\/v2\/product\/13124","targetHints":{"allow":["GET"]}}],"collection":[{"href":"https:\/\/stuudiomoobel.ee\/fi\/wp-json\/wp\/v2\/product"}],"about":[{"href":"https:\/\/stuudiomoobel.ee\/fi\/wp-json\/wp\/v2\/types\/product"}],"replies":[{"embeddable":true,"href":"https:\/\/stuudiomoobel.ee\/fi\/wp-json\/wp\/v2\/comments?post=13124"}],"wp:featuredmedia":[{"embeddable":true,"href":"https:\/\/stuudiomoobel.ee\/fi\/wp-json\/wp\/v2\/media\/13128"}],"wp:attachment":[{"href":"https:\/\/stuudiomoobel.ee\/fi\/wp-json\/wp\/v2\/media?parent=13124"}],"wp:term":[{"taxonomy":"product_cat","embeddable":true,"href":"https:\/\/stuudiomoobel.ee\/fi\/wp-json\/wp\/v2\/product_cat?post=13124"},{"taxonomy":"product_tag","embeddable":true,"href":"https:\/\/stuudiomoobel.ee\/fi\/wp-json\/wp\/v2\/product_tag?post=13124"}],"curies":[{"name":"wp","href":"https:\/\/api.w.org\/{rel}","templated":true}]}}