{"id":13121,"date":"2022-08-15T15:13:01","date_gmt":"2022-08-15T12:13:01","guid":{"rendered":"https:\/\/stuudiomoobel.ee\/pood\/Ei-luokiteltu\/lor-zl-6-integroitu-jaakaappi-60-cm\/"},"modified":"2022-08-15T15:13:01","modified_gmt":"2022-08-15T12:13:01","slug":"lor-zl-6-integroitu-jaakaappi-60-cm","status":"publish","type":"product","link":"https:\/\/stuudiomoobel.ee\/fi\/pood\/keittiot\/keittion-kaapistojen-valinta\/lor-valkoinen-harmaa-beige-oliivi\/lor-zl-6-integroitu-jaakaappi-60-cm\/","title":{"rendered":"LOR ZL 6 integroitu j\u00e4\u00e4kaappi 60 cm"},"content":{"rendered":"<p>LOR-keitti\u00f6kalustesarjalla saat ajattoman keitti\u00f6n klassiseen pohjoismaiseen tyyliin.<\/p>\n<p>Kaapissa on 2 suurta ovea j\u00e4\u00e4kaapille ja 1 pieni yl\u00f6sp\u00e4in aukeava ovi yl\u00e4osassa.<\/p>\n<p>Korkeus 214 cm (sopii yl\u00e4kaappien kanssa, joiden korkeus on 72 cm).<\/p>\n<p>Korkeus 236 cm (sopii 94 cm korkeiden yl\u00e4kaappien kanssa).<\/p>\n<p>Runko: melamiinilevy 16 mm.<\/p>\n<p>Runko: valkoinen ja beige valkoinen, harmaanharmaa ja oliivinpuun s\u00e4vy.<\/p>\n<p>Etupaneelit: PVC-pinnoitettu korkealaatuinen MDF-levy.<\/p>\n<p>Ovet: 4 v\u00e4rivaihtoehtoa &#8211; valkoinen, harmaa, beige, oliivi.<\/p>\n<p>Kahvat: musta metallikahva valkoisessa ja harmaassa ovessa, kultainen kahva beige- ja oliivinv\u00e4risess\u00e4 ovessa.<\/p>\n<p>Pohjassa on kaappi, s\u00e4\u00e4dett\u00e4v\u00e4t jalat.<\/p>\n<p>Ty\u00f6tila ei sis\u00e4lly hintaan.<\/p>\n<p>Keitti\u00f6kaappi toimitetaan pakettina ja se on koottava.<\/p>\n","protected":false},"excerpt":{"rendered":"<p>Leveys 60 cm<\/p>\n<p>Korkeus 214 cm tai 236 cm<\/p>\n<p>Syvyys 58 cm<\/p>\n<p>Ovet: 4 v\u00e4rivaihtoehtoa &#8211; valkoinen, harmaa, beige, oliivi.<\/p>\n<p>Runko: valkoinen valkoiseen ja beigeen, harmaa harmaaseen ja oliivin s\u00e4vyyn puun s\u00e4vyyn.<\/p>\n<p>Kahvat: musta metallikahva valkoisiin ja harmaisiin oviin, kultainen kahva beigeen ja oliivin s\u00e4vyyn.<\/p>\n","protected":false},"featured_media":13122,"comment_status":"closed","ping_status":"closed","template":"","meta":{"inline_featured_image":false},"product_cat":[346,344,352],"product_tag":[],"class_list":{"0":"post-13121","1":"product","2":"type-product","3":"status-publish","4":"has-post-thumbnail","6":"product_cat-keittion-kaapistojen-valinta","7":"product_cat-keittiot","8":"product_cat-lor-valkoinen-harmaa-beige-oliivi","10":"first","11":"instock","12":"taxable","13":"shipping-taxable","14":"purchasable","15":"product-type-variable"},"_links":{"self":[{"href":"https:\/\/stuudiomoobel.ee\/fi\/wp-json\/wp\/v2\/product\/13121","targetHints":{"allow":["GET"]}}],"collection":[{"href":"https:\/\/stuudiomoobel.ee\/fi\/wp-json\/wp\/v2\/product"}],"about":[{"href":"https:\/\/stuudiomoobel.ee\/fi\/wp-json\/wp\/v2\/types\/product"}],"replies":[{"embeddable":true,"href":"https:\/\/stuudiomoobel.ee\/fi\/wp-json\/wp\/v2\/comments?post=13121"}],"wp:featuredmedia":[{"embeddable":true,"href":"https:\/\/stuudiomoobel.ee\/fi\/wp-json\/wp\/v2\/media\/13122"}],"wp:attachment":[{"href":"https:\/\/stuudiomoobel.ee\/fi\/wp-json\/wp\/v2\/media?parent=13121"}],"wp:term":[{"taxonomy":"product_cat","embeddable":true,"href":"https:\/\/stuudiomoobel.ee\/fi\/wp-json\/wp\/v2\/product_cat?post=13121"},{"taxonomy":"product_tag","embeddable":true,"href":"https:\/\/stuudiomoobel.ee\/fi\/wp-json\/wp\/v2\/product_tag?post=13121"}],"curies":[{"name":"wp","href":"https:\/\/api.w.org\/{rel}","templated":true}]}}