{"id":13116,"date":"2022-05-28T09:52:24","date_gmt":"2022-05-28T06:52:24","guid":{"rendered":"https:\/\/stuudiomoobel.ee\/pood\/Ei-luokiteltu\/vaaleanpunainen-pro-vihrea\/"},"modified":"2022-05-28T09:52:24","modified_gmt":"2022-05-28T06:52:24","slug":"vaaleanpunainen-pro-vihrea","status":"publish","type":"product","link":"https:\/\/stuudiomoobel.ee\/fi\/pood\/kaapit-ja-lipastot\/lipastot\/vaaleanpunainen-pro-vihrea\/","title":{"rendered":"Vaaleanpunainen PRO vihre\u00e4"},"content":{"rendered":"<p>Tummanvihre\u00e4 penkki, jota voidaan k\u00e4ytt\u00e4\u00e4 pienemp\u00e4n\u00e4 kaappina ja arkuna tavaroiden s\u00e4ilytt\u00e4mist\u00e4 varten. Mutta erityisen hyvin se sopii esimerkiksi olohuoneeseen istuin- ja kenk\u00e4kaapiksi. <\/p>\n","protected":false},"excerpt":{"rendered":"<p>Laminaattilevy.<\/p>\n<p>Syvyys 43cm, korkeus 48,5cm, leveys 110cm.<\/p>\n","protected":false},"featured_media":13118,"comment_status":"closed","ping_status":"closed","template":"","meta":{"inline_featured_image":false},"product_cat":[340,341,358,353],"product_tag":[],"class_list":{"0":"post-13116","1":"product","2":"type-product","3":"status-publish","4":"has-post-thumbnail","6":"product_cat-kaapit-ja-lipastot","7":"product_cat-lipastot","8":"product_cat-muut-tuotteet","9":"product_cat-pro-valkoinen-puukuvio","11":"first","12":"instock","13":"sale","14":"taxable","15":"shipping-taxable","16":"purchasable","17":"product-type-simple"},"_links":{"self":[{"href":"https:\/\/stuudiomoobel.ee\/fi\/wp-json\/wp\/v2\/product\/13116","targetHints":{"allow":["GET"]}}],"collection":[{"href":"https:\/\/stuudiomoobel.ee\/fi\/wp-json\/wp\/v2\/product"}],"about":[{"href":"https:\/\/stuudiomoobel.ee\/fi\/wp-json\/wp\/v2\/types\/product"}],"replies":[{"embeddable":true,"href":"https:\/\/stuudiomoobel.ee\/fi\/wp-json\/wp\/v2\/comments?post=13116"}],"wp:featuredmedia":[{"embeddable":true,"href":"https:\/\/stuudiomoobel.ee\/fi\/wp-json\/wp\/v2\/media\/13118"}],"wp:attachment":[{"href":"https:\/\/stuudiomoobel.ee\/fi\/wp-json\/wp\/v2\/media?parent=13116"}],"wp:term":[{"taxonomy":"product_cat","embeddable":true,"href":"https:\/\/stuudiomoobel.ee\/fi\/wp-json\/wp\/v2\/product_cat?post=13116"},{"taxonomy":"product_tag","embeddable":true,"href":"https:\/\/stuudiomoobel.ee\/fi\/wp-json\/wp\/v2\/product_tag?post=13116"}],"curies":[{"name":"wp","href":"https:\/\/api.w.org\/{rel}","templated":true}]}}