{"id":13063,"date":"2022-09-13T12:31:05","date_gmt":"2022-09-13T09:31:05","guid":{"rendered":"https:\/\/stuudiomoobel.ee\/pood\/Ei-luokiteltu\/lor-ws-8-ylakaappi-80-cmn-astiatelineella-varustettuna\/"},"modified":"2022-09-13T12:31:05","modified_gmt":"2022-09-13T09:31:05","slug":"lor-ws-8-ylakaappi-80-cmn-astiatelineella-varustettuna","status":"publish","type":"product","link":"https:\/\/stuudiomoobel.ee\/fi\/pood\/keittiot\/keittion-kaapistojen-valinta\/lor-valkoinen-harmaa-beige-oliivi\/lor-ws-8-ylakaappi-80-cmn-astiatelineella-varustettuna\/","title":{"rendered":"LOR WS 8 -yl\u00e4kaappi 80 cm:n astiatelineell\u00e4 varustettuna"},"content":{"rendered":"<p>Keitti\u00f6n sein\u00e4kaappi posliinihyllyll\u00e4 LOR WS 8.<\/p>\n<p>Ajatonta keitti\u00f6t\u00e4 klassiseen pohjoismaiseen tyyliin voit t\u00e4ydent\u00e4\u00e4 keitti\u00f6t\u00e4si LOR-keitti\u00f6kaapeilla.<\/p>\n<p>Runko: melamiini 16 mm.<\/p>\n<p>Runko: valkoinen ja beige valkoinen, harmaa harmaa ja oliivinpuun s\u00e4vy.<\/p>\n<p>Etulevyt: PVC-pinnoitettu korkealaatuinen MDF-levy.<\/p>\n<p>Ovet: 4 v\u00e4rivaihtoehtoa &#8211; valkoinen, harmaa, beige, oliivi.<\/p>\n<p>Kahvat: musta metallikahva valkoisessa ja harmaassa ovessa, kultainen kahva beige- ja oliivipintaisessa ovessa.<\/p>\n<p>Keitti\u00f6kaappi toimitetaan pakettina ja vaatii kokoamisen.<\/p>\n","protected":false},"excerpt":{"rendered":"<p>Keitti\u00f6kaappi kahdella ovella, jossa astiahylly.<\/p>\n<p>Leveys 80 cm<\/p>\n<p>Korkeus 72 cm tai 94 cm<\/p>\n<p>Syvyys 32 cm<\/p>\n<p>Ovet: 4 v\u00e4rivaihtoehtoa &#8211; valkoinen, harmaa, beige, oliivi.<\/p>\n<p>Runko: valkoinen valkoisissa ja beigeiss\u00e4 ovissa, harmaa harmaassa ja oliivin s\u00e4vyisess\u00e4 puun s\u00e4vyss\u00e4.<\/p>\n<p>K\u00e4densijat: musta metallikahva valkoisissa ja harmaissa ovissa, kultainen kahva beigeiss\u00e4 ja oliivin s\u00e4vyisiss\u00e4 ovissa.<\/p>\n","protected":false},"featured_media":13064,"comment_status":"closed","ping_status":"closed","template":"","meta":{"inline_featured_image":false},"product_cat":[346,344,352],"product_tag":[],"class_list":{"0":"post-13063","1":"product","2":"type-product","3":"status-publish","4":"has-post-thumbnail","6":"product_cat-keittion-kaapistojen-valinta","7":"product_cat-keittiot","8":"product_cat-lor-valkoinen-harmaa-beige-oliivi","10":"first","11":"instock","12":"taxable","13":"shipping-taxable","14":"purchasable","15":"product-type-variable"},"_links":{"self":[{"href":"https:\/\/stuudiomoobel.ee\/fi\/wp-json\/wp\/v2\/product\/13063","targetHints":{"allow":["GET"]}}],"collection":[{"href":"https:\/\/stuudiomoobel.ee\/fi\/wp-json\/wp\/v2\/product"}],"about":[{"href":"https:\/\/stuudiomoobel.ee\/fi\/wp-json\/wp\/v2\/types\/product"}],"replies":[{"embeddable":true,"href":"https:\/\/stuudiomoobel.ee\/fi\/wp-json\/wp\/v2\/comments?post=13063"}],"wp:featuredmedia":[{"embeddable":true,"href":"https:\/\/stuudiomoobel.ee\/fi\/wp-json\/wp\/v2\/media\/13064"}],"wp:attachment":[{"href":"https:\/\/stuudiomoobel.ee\/fi\/wp-json\/wp\/v2\/media?parent=13063"}],"wp:term":[{"taxonomy":"product_cat","embeddable":true,"href":"https:\/\/stuudiomoobel.ee\/fi\/wp-json\/wp\/v2\/product_cat?post=13063"},{"taxonomy":"product_tag","embeddable":true,"href":"https:\/\/stuudiomoobel.ee\/fi\/wp-json\/wp\/v2\/product_tag?post=13063"}],"curies":[{"name":"wp","href":"https:\/\/api.w.org\/{rel}","templated":true}]}}