{"id":12947,"date":"2023-01-09T17:32:13","date_gmt":"2023-01-09T15:32:13","guid":{"rendered":"https:\/\/stuudiomoobel.ee\/pood\/Ei-luokiteltu\/syd-d80-alakaappi-kahdella-ovella-ja-hyllylla-80cm\/"},"modified":"2023-01-09T17:32:13","modified_gmt":"2023-01-09T15:32:13","slug":"syd-d80-alakaappi-kahdella-ovella-ja-hyllylla-80cm","status":"publish","type":"product","link":"https:\/\/stuudiomoobel.ee\/fi\/pood\/keittiot\/keittion-kaapistojen-valinta\/syd-vaalea-puukuvio\/syd-d80-alakaappi-kahdella-ovella-ja-hyllylla-80cm\/","title":{"rendered":"Syd D80 alakaappi kahdella ovella ja hyllyll\u00e4 80cm"},"content":{"rendered":"","protected":false},"excerpt":{"rendered":"<p>Hinta ei sis\u00e4ll\u00e4 ty\u00f6tasoa ja sokkelia.<\/p>\n<p>Kaapissa ei ole jalkoja, vaan se nojaa runkoon.<\/p>\n","protected":false},"featured_media":12948,"comment_status":"closed","ping_status":"closed","template":"","meta":{"inline_featured_image":false},"product_cat":[346,355],"product_tag":[],"class_list":{"0":"post-12947","1":"product","2":"type-product","3":"status-publish","4":"has-post-thumbnail","6":"product_cat-keittion-kaapistojen-valinta","7":"product_cat-syd-vaalea-puukuvio","9":"first","10":"instock","11":"taxable","12":"shipping-taxable","13":"purchasable","14":"product-type-simple"},"_links":{"self":[{"href":"https:\/\/stuudiomoobel.ee\/fi\/wp-json\/wp\/v2\/product\/12947","targetHints":{"allow":["GET"]}}],"collection":[{"href":"https:\/\/stuudiomoobel.ee\/fi\/wp-json\/wp\/v2\/product"}],"about":[{"href":"https:\/\/stuudiomoobel.ee\/fi\/wp-json\/wp\/v2\/types\/product"}],"replies":[{"embeddable":true,"href":"https:\/\/stuudiomoobel.ee\/fi\/wp-json\/wp\/v2\/comments?post=12947"}],"wp:featuredmedia":[{"embeddable":true,"href":"https:\/\/stuudiomoobel.ee\/fi\/wp-json\/wp\/v2\/media\/12948"}],"wp:attachment":[{"href":"https:\/\/stuudiomoobel.ee\/fi\/wp-json\/wp\/v2\/media?parent=12947"}],"wp:term":[{"taxonomy":"product_cat","embeddable":true,"href":"https:\/\/stuudiomoobel.ee\/fi\/wp-json\/wp\/v2\/product_cat?post=12947"},{"taxonomy":"product_tag","embeddable":true,"href":"https:\/\/stuudiomoobel.ee\/fi\/wp-json\/wp\/v2\/product_tag?post=12947"}],"curies":[{"name":"wp","href":"https:\/\/api.w.org\/{rel}","templated":true}]}}