{"id":12883,"date":"2024-03-08T11:43:38","date_gmt":"2024-03-08T09:43:38","guid":{"rendered":"https:\/\/stuudiomoobel.ee\/pood\/Ei-luokiteltu\/vaatekaappimoduulit-ovilla-40cm-50cm-60cm\/"},"modified":"2024-03-08T11:43:38","modified_gmt":"2024-03-08T09:43:38","slug":"vaatekaappimoduulit-ovilla-40cm-50cm-60cm","status":"publish","type":"product","link":"https:\/\/stuudiomoobel.ee\/fi\/pood\/vaatekaapit\/vaatekaappimoduulit-ovilla-40cm-50cm-60cm\/","title":{"rendered":"Vaatekaappimoduulit ovilla 40cm, 50cm, 60cm."},"content":{"rendered":"<p>Leveys 400mm, 500mm ja 600mm.<br \/>\nKorkeus 2357mm.<br \/>\nHarmaa runko ja harmaa ovi.<br \/>\nHarmaa runko ja hickory (puun s\u00e4vyinen) ovi.<br \/>\nErilaisia inserttej\u00e4.<br \/>\nMelamiinilevy.<\/p>\n<p>Hinta riippuu sis\u00e4ll\u00f6st\u00e4 ja mitoista. Hinnasto liitteen\u00e4. <\/p>\n<p>Tilaus:<br \/>\ninfo@stuudiomoobel.ee tai soita 56461100, 5096673.<\/p>\n","protected":false},"excerpt":{"rendered":"<div>\n<div>[tee-paring-nupp]<\/div>\n<\/div>\n","protected":false},"featured_media":12891,"comment_status":"closed","ping_status":"closed","template":"","meta":{"inline_featured_image":false},"product_cat":[339],"product_tag":[],"class_list":{"0":"post-12883","1":"product","2":"type-product","3":"status-publish","4":"has-post-thumbnail","6":"product_cat-vaatekaapit","8":"first","9":"instock","10":"taxable","11":"shipping-taxable","12":"product-type-simple"},"_links":{"self":[{"href":"https:\/\/stuudiomoobel.ee\/fi\/wp-json\/wp\/v2\/product\/12883","targetHints":{"allow":["GET"]}}],"collection":[{"href":"https:\/\/stuudiomoobel.ee\/fi\/wp-json\/wp\/v2\/product"}],"about":[{"href":"https:\/\/stuudiomoobel.ee\/fi\/wp-json\/wp\/v2\/types\/product"}],"replies":[{"embeddable":true,"href":"https:\/\/stuudiomoobel.ee\/fi\/wp-json\/wp\/v2\/comments?post=12883"}],"wp:featuredmedia":[{"embeddable":true,"href":"https:\/\/stuudiomoobel.ee\/fi\/wp-json\/wp\/v2\/media\/12891"}],"wp:attachment":[{"href":"https:\/\/stuudiomoobel.ee\/fi\/wp-json\/wp\/v2\/media?parent=12883"}],"wp:term":[{"taxonomy":"product_cat","embeddable":true,"href":"https:\/\/stuudiomoobel.ee\/fi\/wp-json\/wp\/v2\/product_cat?post=12883"},{"taxonomy":"product_tag","embeddable":true,"href":"https:\/\/stuudiomoobel.ee\/fi\/wp-json\/wp\/v2\/product_tag?post=12883"}],"curies":[{"name":"wp","href":"https:\/\/api.w.org\/{rel}","templated":true}]}}