{"id":12812,"date":"2023-09-14T17:19:05","date_gmt":"2023-09-14T14:19:05","guid":{"rendered":"https:\/\/stuudiomoobel.ee\/pood\/Ei-luokiteltu\/eli-d-5-alakaappi-50cm\/"},"modified":"2023-09-14T17:19:05","modified_gmt":"2023-09-14T14:19:05","slug":"eli-d-5-alakaappi-50cm","status":"publish","type":"product","link":"https:\/\/stuudiomoobel.ee\/fi\/pood\/keittiot\/keittion-kaapistojen-valinta\/eli-valkoinen-vaaleanharmaa-tummanharmaa-vaaleansininen-tummansininen\/eli-d-5-alakaappi-50cm\/","title":{"rendered":"ELI D 5 alakaappi 50cm"},"content":{"rendered":"<p>Jos haluat ajattoman keitti\u00f6n, jossa on klassinen pohjoismainen tyyli, voit t\u00e4ydent\u00e4\u00e4 keitti\u00f6t\u00e4si ELI-keitti\u00f6kalustekaapeilla.<\/p>\n<p>Korkeus 82 cm<\/p>\n<p>Syvyys 54 cm<\/p>\n<p>Runko: melamiinilevy 16 mm, valkoinen.<\/p>\n<p>Ovet: 5 v\u00e4rivaihtoehtoa &#8211; valkoinen, vaaleanharmaa, tummanharmaa, vaaleansininen, tummansininen.<\/p>\n<p>Etupaneelit: PVC-pinnoitettu korkealaatuinen MDF-levy.<\/p>\n<p>Pohjassa on kaappi, s\u00e4\u00e4dett\u00e4v\u00e4t jalat.<\/p>\n<p>Hinta ei sis\u00e4ll\u00e4 ty\u00f6tasoa.<\/p>\n<p>Keitti\u00f6kaappi toimitetaan pakettina ja se on koottava.<\/p>\n","protected":false},"excerpt":{"rendered":"<p>Yksiovinen, s\u00e4\u00e4dett\u00e4v\u00e4 alakaappi.<\/p>\n<p>Leveys 50 cm<\/p>\n<p>Korkeus ilman jalkoja 72 cm \/ jalkojen kanssa 82 cm<\/p>\n<p>Syvyys 54 cm<\/p>\n<p>Ovet: 5 v\u00e4rivaihtoehtoa &#8211; valkoinen, vaaleanharmaa, tummanharmaa, vaaleansininen, tummansininen.<\/p>\n<p>Musta metallikahva. Lis\u00e4varusteena kultainen kahva. <\/p>\n","protected":false},"featured_media":12813,"comment_status":"closed","ping_status":"closed","template":"","meta":{"inline_featured_image":false},"product_cat":[348,346,344],"product_tag":[],"class_list":{"0":"post-12812","1":"product","2":"type-product","3":"status-publish","4":"has-post-thumbnail","6":"product_cat-eli-valkoinen-vaaleanharmaa-tummanharmaa-vaaleansininen-tummansininen","7":"product_cat-keittion-kaapistojen-valinta","8":"product_cat-keittiot","10":"first","11":"instock","12":"taxable","13":"shipping-taxable","14":"purchasable","15":"product-type-variable"},"_links":{"self":[{"href":"https:\/\/stuudiomoobel.ee\/fi\/wp-json\/wp\/v2\/product\/12812","targetHints":{"allow":["GET"]}}],"collection":[{"href":"https:\/\/stuudiomoobel.ee\/fi\/wp-json\/wp\/v2\/product"}],"about":[{"href":"https:\/\/stuudiomoobel.ee\/fi\/wp-json\/wp\/v2\/types\/product"}],"replies":[{"embeddable":true,"href":"https:\/\/stuudiomoobel.ee\/fi\/wp-json\/wp\/v2\/comments?post=12812"}],"wp:featuredmedia":[{"embeddable":true,"href":"https:\/\/stuudiomoobel.ee\/fi\/wp-json\/wp\/v2\/media\/12813"}],"wp:attachment":[{"href":"https:\/\/stuudiomoobel.ee\/fi\/wp-json\/wp\/v2\/media?parent=12812"}],"wp:term":[{"taxonomy":"product_cat","embeddable":true,"href":"https:\/\/stuudiomoobel.ee\/fi\/wp-json\/wp\/v2\/product_cat?post=12812"},{"taxonomy":"product_tag","embeddable":true,"href":"https:\/\/stuudiomoobel.ee\/fi\/wp-json\/wp\/v2\/product_tag?post=12812"}],"curies":[{"name":"wp","href":"https:\/\/api.w.org\/{rel}","templated":true}]}}