{"id":12727,"date":"2024-07-30T11:22:40","date_gmt":"2024-07-30T08:22:40","guid":{"rendered":"https:\/\/stuudiomoobel.ee\/pood\/Ei-luokiteltu\/sailiojarjestelma-2\/"},"modified":"2024-07-30T11:22:40","modified_gmt":"2024-07-30T08:22:40","slug":"sailiojarjestelma-2","status":"publish","type":"product","link":"https:\/\/stuudiomoobel.ee\/fi\/pood\/keittiot\/huonekalut\/sailiojarjestelma-2\/","title":{"rendered":"S\u00e4ili\u00f6j\u00e4rjestelm\u00e4"},"content":{"rendered":"<p>S\u00e4ili\u00f6t ovat yhteensopivia mallien ELI, LOR, ITA kanssa, joissa on laatikon avausallas DZS 6.<br \/>\nS\u00e4ili\u00f6j\u00e4rjestelm\u00e4 2 kpl 15 L kannella ja 2 kpl pieni.<\/p>\n","protected":false},"excerpt":{"rendered":"<p>S\u00e4ili\u00f6t ovat yhteensopivia mallien ELI, LOR, ITA kanssa, joissa on laatikon avausallas DZS 6. S\u00e4ili\u00f6j\u00e4rjestelm\u00e4 2 kpl 15 L kannella ja 2 kpl pieni.<\/p>\n","protected":false},"featured_media":12728,"comment_status":"closed","ping_status":"closed","template":"","meta":{"inline_featured_image":false},"product_cat":[345],"product_tag":[],"class_list":{"0":"post-12727","1":"product","2":"type-product","3":"status-publish","4":"has-post-thumbnail","6":"product_cat-huonekalut","8":"first","9":"instock","10":"taxable","11":"shipping-taxable","12":"purchasable","13":"product-type-simple"},"_links":{"self":[{"href":"https:\/\/stuudiomoobel.ee\/fi\/wp-json\/wp\/v2\/product\/12727","targetHints":{"allow":["GET"]}}],"collection":[{"href":"https:\/\/stuudiomoobel.ee\/fi\/wp-json\/wp\/v2\/product"}],"about":[{"href":"https:\/\/stuudiomoobel.ee\/fi\/wp-json\/wp\/v2\/types\/product"}],"replies":[{"embeddable":true,"href":"https:\/\/stuudiomoobel.ee\/fi\/wp-json\/wp\/v2\/comments?post=12727"}],"wp:featuredmedia":[{"embeddable":true,"href":"https:\/\/stuudiomoobel.ee\/fi\/wp-json\/wp\/v2\/media\/12728"}],"wp:attachment":[{"href":"https:\/\/stuudiomoobel.ee\/fi\/wp-json\/wp\/v2\/media?parent=12727"}],"wp:term":[{"taxonomy":"product_cat","embeddable":true,"href":"https:\/\/stuudiomoobel.ee\/fi\/wp-json\/wp\/v2\/product_cat?post=12727"},{"taxonomy":"product_tag","embeddable":true,"href":"https:\/\/stuudiomoobel.ee\/fi\/wp-json\/wp\/v2\/product_tag?post=12727"}],"curies":[{"name":"wp","href":"https:\/\/api.w.org\/{rel}","templated":true}]}}