{"id":12718,"date":"2024-09-23T11:29:48","date_gmt":"2024-09-23T08:29:48","guid":{"rendered":"https:\/\/stuudiomoobel.ee\/pood\/Ei-luokiteltu\/ita-w-6-pl-ylakaappi-60cm-kahdella-ovella\/"},"modified":"2024-09-23T11:29:48","modified_gmt":"2024-09-23T08:29:48","slug":"ita-w-6-pl-ylakaappi-60cm-kahdella-ovella","status":"publish","type":"product","link":"https:\/\/stuudiomoobel.ee\/fi\/pood\/keittiot\/keittion-kaapistojen-valinta\/ita-valkoinen\/ita-w-6-pl-ylakaappi-60cm-kahdella-ovella\/","title":{"rendered":"ITA W 6 P+L yl\u00e4kaappi 60cm kahdella ovella."},"content":{"rendered":"<p>Runko: melamiinilevy, 16mm valkoinen.<\/p>\n<p>Etulevyt: laminoitu MDF.<\/p>\n<p>Metalliset kahvat, musta v\u00e4ri.<\/p>\n<p>Keitti\u00f6kaappi toimitetaan pakettina ja vaatii kokoamisen.<\/p>\n","protected":false},"excerpt":{"rendered":"<p>T\u00e4ss\u00e4 keitti\u00f6n sein\u00e4kaapissa on kaksi ovea.<\/p>\n<p>Leveys 60 cm<\/p>\n<p>Korkeus 72 cm tai 94 cm<\/p>\n<p>Syvyys 32 cm<\/p>\n<p>Sopii my\u00f6s liesituuletinkaapiksi.<\/p>\n","protected":false},"featured_media":12723,"comment_status":"closed","ping_status":"closed","template":"","meta":{"inline_featured_image":false},"product_cat":[349,346,344],"product_tag":[],"class_list":{"0":"post-12718","1":"product","2":"type-product","3":"status-publish","4":"has-post-thumbnail","6":"product_cat-ita-valkoinen","7":"product_cat-keittion-kaapistojen-valinta","8":"product_cat-keittiot","10":"first","11":"instock","12":"taxable","13":"shipping-taxable","14":"purchasable","15":"product-type-variable"},"_links":{"self":[{"href":"https:\/\/stuudiomoobel.ee\/fi\/wp-json\/wp\/v2\/product\/12718","targetHints":{"allow":["GET"]}}],"collection":[{"href":"https:\/\/stuudiomoobel.ee\/fi\/wp-json\/wp\/v2\/product"}],"about":[{"href":"https:\/\/stuudiomoobel.ee\/fi\/wp-json\/wp\/v2\/types\/product"}],"replies":[{"embeddable":true,"href":"https:\/\/stuudiomoobel.ee\/fi\/wp-json\/wp\/v2\/comments?post=12718"}],"wp:featuredmedia":[{"embeddable":true,"href":"https:\/\/stuudiomoobel.ee\/fi\/wp-json\/wp\/v2\/media\/12723"}],"wp:attachment":[{"href":"https:\/\/stuudiomoobel.ee\/fi\/wp-json\/wp\/v2\/media?parent=12718"}],"wp:term":[{"taxonomy":"product_cat","embeddable":true,"href":"https:\/\/stuudiomoobel.ee\/fi\/wp-json\/wp\/v2\/product_cat?post=12718"},{"taxonomy":"product_tag","embeddable":true,"href":"https:\/\/stuudiomoobel.ee\/fi\/wp-json\/wp\/v2\/product_tag?post=12718"}],"curies":[{"name":"wp","href":"https:\/\/api.w.org\/{rel}","templated":true}]}}