{"id":12717,"date":"2024-07-30T11:02:18","date_gmt":"2024-07-30T08:02:18","guid":{"rendered":"https:\/\/stuudiomoobel.ee\/pood\/Ei-luokiteltu\/sailiojarjestelma\/"},"modified":"2024-07-30T11:02:18","modified_gmt":"2024-07-30T08:02:18","slug":"sailiojarjestelma","status":"publish","type":"product","link":"https:\/\/stuudiomoobel.ee\/fi\/pood\/keittiot\/huonekalut\/sailiojarjestelma\/","title":{"rendered":"S\u00e4ili\u00f6j\u00e4rjestelm\u00e4"},"content":{"rendered":"<p>Roskakorij\u00e4rjestelm\u00e4 2 kpl 16 L kannella, t\u00e4ysulkoinen, pohjakiinnityksell\u00e4.<br \/>\nKaapin pohjaan tai sivulle kiinnitett\u00e4v\u00e4 sis\u00e4\u00e4nvedett\u00e4v\u00e4 roskakorij\u00e4rjestelm\u00e4.<br \/>\nKorkeus 365mm, pituus 355mm, syvyys 473mm, kantavuus 30kg.<\/p>\n","protected":false},"excerpt":{"rendered":"<p>Roskakorij\u00e4rjestelm\u00e4 2 kpl 16 L kannella, t\u00e4ysulkoinen, pohjakiinnityksell\u00e4. Kaapin pohjaan tai sivulle kiinnitett\u00e4v\u00e4 sis\u00e4\u00e4nvedett\u00e4v\u00e4 roskakorij\u00e4rjestelm\u00e4. Korkeus 365mm, pituus 355mm, syvyys 473mm, kantavuus 30kg.<\/p>\n","protected":false},"featured_media":12719,"comment_status":"closed","ping_status":"closed","template":"","meta":{"inline_featured_image":false},"product_cat":[345],"product_tag":[],"class_list":{"0":"post-12717","1":"product","2":"type-product","3":"status-publish","4":"has-post-thumbnail","6":"product_cat-huonekalut","8":"first","9":"instock","10":"taxable","11":"shipping-taxable","12":"purchasable","13":"product-type-simple"},"_links":{"self":[{"href":"https:\/\/stuudiomoobel.ee\/fi\/wp-json\/wp\/v2\/product\/12717","targetHints":{"allow":["GET"]}}],"collection":[{"href":"https:\/\/stuudiomoobel.ee\/fi\/wp-json\/wp\/v2\/product"}],"about":[{"href":"https:\/\/stuudiomoobel.ee\/fi\/wp-json\/wp\/v2\/types\/product"}],"replies":[{"embeddable":true,"href":"https:\/\/stuudiomoobel.ee\/fi\/wp-json\/wp\/v2\/comments?post=12717"}],"wp:featuredmedia":[{"embeddable":true,"href":"https:\/\/stuudiomoobel.ee\/fi\/wp-json\/wp\/v2\/media\/12719"}],"wp:attachment":[{"href":"https:\/\/stuudiomoobel.ee\/fi\/wp-json\/wp\/v2\/media?parent=12717"}],"wp:term":[{"taxonomy":"product_cat","embeddable":true,"href":"https:\/\/stuudiomoobel.ee\/fi\/wp-json\/wp\/v2\/product_cat?post=12717"},{"taxonomy":"product_tag","embeddable":true,"href":"https:\/\/stuudiomoobel.ee\/fi\/wp-json\/wp\/v2\/product_tag?post=12717"}],"curies":[{"name":"wp","href":"https:\/\/api.w.org\/{rel}","templated":true}]}}