{"id":12704,"date":"2024-07-08T09:48:56","date_gmt":"2024-07-08T06:48:56","guid":{"rendered":"https:\/\/stuudiomoobel.ee\/pood\/Ei-luokiteltu\/eli-ws-8-ylakaappi-jossa-on-80-cmn-astiateline\/"},"modified":"2024-07-08T09:48:56","modified_gmt":"2024-07-08T06:48:56","slug":"eli-ws-8-ylakaappi-jossa-on-80-cmn-astiateline","status":"publish","type":"product","link":"https:\/\/stuudiomoobel.ee\/fi\/pood\/keittiot\/keittion-kaapistojen-valinta\/eli-valkoinen-vaaleanharmaa-tummanharmaa-vaaleansininen-tummansininen\/eli-ws-8-ylakaappi-jossa-on-80-cmn-astiateline\/","title":{"rendered":"ELI WS 8 -yl\u00e4kaappi, jossa on 80 cm:n astiateline"},"content":{"rendered":"<p>Valitse ELI-keitti\u00f6kaapit, jos haluat ajattoman keitti\u00f6n, jossa on klassinen pohjoismainen tyyli.<\/p>\n<p>Keitti\u00f6n sein\u00e4kaappi alustalla<\/p>\n<p>Korkeus 72 cm tai 94 cm<\/p>\n<p>Syvyys 32 cm<\/p>\n<p>Runko: melamiini 16 mm, valkoinen.<\/p>\n<p>Ovet: 5 v\u00e4rivaihtoehtoa &#8211; valkoinen, vaaleanharmaa, tummanharmaa, vaaleansininen, tummansininen<\/p>\n<p>Etulevyt: pvc-pinnoitettu korkealaatuinen MDF-levy.<\/p>\n<p>Keitti\u00f6kaappi toimitetaan kokonaisena yksikk\u00f6n\u00e4 ja vaatii kokoamisen.<\/p>\n","protected":false},"excerpt":{"rendered":"<p>Keitti\u00f6kaappi, jossa on kaksi ovea ja tiskihylly.<\/p>\n<p>Leveys 80 cm<\/p>\n<p>Korkeus 72 cm tai 94 cm<\/p>\n<p>Syvyys 32 cm<\/p>\n<p>Ovet: 5 v\u00e4rivaihtoehtoa &#8211; valkoinen, vaaleanharmaa, tummanharmaa, vaaleansininen, tummansininen.<\/p>\n<p>Musta metallikahva. Lis\u00e4varusteena kultainen kahva. <\/p>\n","protected":false},"featured_media":12705,"comment_status":"closed","ping_status":"closed","template":"","meta":{"inline_featured_image":false},"product_cat":[348,346,344],"product_tag":[],"class_list":{"0":"post-12704","1":"product","2":"type-product","3":"status-publish","4":"has-post-thumbnail","6":"product_cat-eli-valkoinen-vaaleanharmaa-tummanharmaa-vaaleansininen-tummansininen","7":"product_cat-keittion-kaapistojen-valinta","8":"product_cat-keittiot","10":"first","11":"instock","12":"taxable","13":"shipping-taxable","14":"purchasable","15":"product-type-variable"},"_links":{"self":[{"href":"https:\/\/stuudiomoobel.ee\/fi\/wp-json\/wp\/v2\/product\/12704","targetHints":{"allow":["GET"]}}],"collection":[{"href":"https:\/\/stuudiomoobel.ee\/fi\/wp-json\/wp\/v2\/product"}],"about":[{"href":"https:\/\/stuudiomoobel.ee\/fi\/wp-json\/wp\/v2\/types\/product"}],"replies":[{"embeddable":true,"href":"https:\/\/stuudiomoobel.ee\/fi\/wp-json\/wp\/v2\/comments?post=12704"}],"wp:featuredmedia":[{"embeddable":true,"href":"https:\/\/stuudiomoobel.ee\/fi\/wp-json\/wp\/v2\/media\/12705"}],"wp:attachment":[{"href":"https:\/\/stuudiomoobel.ee\/fi\/wp-json\/wp\/v2\/media?parent=12704"}],"wp:term":[{"taxonomy":"product_cat","embeddable":true,"href":"https:\/\/stuudiomoobel.ee\/fi\/wp-json\/wp\/v2\/product_cat?post=12704"},{"taxonomy":"product_tag","embeddable":true,"href":"https:\/\/stuudiomoobel.ee\/fi\/wp-json\/wp\/v2\/product_tag?post=12704"}],"curies":[{"name":"wp","href":"https:\/\/api.w.org\/{rel}","templated":true}]}}