{"id":12686,"date":"2024-07-30T10:56:53","date_gmt":"2024-07-30T07:56:53","guid":{"rendered":"https:\/\/stuudiomoobel.ee\/pood\/Ei-luokiteltu\/jakaja-60cm-laatikolle\/"},"modified":"2024-07-30T10:56:53","modified_gmt":"2024-07-30T07:56:53","slug":"jakaja-60cm-laatikolle","status":"publish","type":"product","link":"https:\/\/stuudiomoobel.ee\/fi\/pood\/keittiot\/huonekalut\/jakaja-60cm-laatikolle\/","title":{"rendered":"Jakaja 60cm laatikolle"},"content":{"rendered":"<p>Yhteensopiva mallien ELI, LOR, ITA kanssa, joissa on \u00e4\u00e4nett\u00f6m\u00e4sti sulkeutuvat laatikot, koodi DS6\/3 VS.<\/p>\n","protected":false},"excerpt":{"rendered":"<p>Yhteensopiva mallien ELI, LOR, ITA kanssa, joissa on \u00e4\u00e4nett\u00f6m\u00e4sti sulkeutuvat laatikot, koodi DS6\/3 VS.<\/p>\n","protected":false},"featured_media":12687,"comment_status":"closed","ping_status":"closed","template":"","meta":{"inline_featured_image":false},"product_cat":[345],"product_tag":[],"class_list":{"0":"post-12686","1":"product","2":"type-product","3":"status-publish","4":"has-post-thumbnail","6":"product_cat-huonekalut","8":"first","9":"instock","10":"taxable","11":"shipping-taxable","12":"purchasable","13":"product-type-simple"},"_links":{"self":[{"href":"https:\/\/stuudiomoobel.ee\/fi\/wp-json\/wp\/v2\/product\/12686","targetHints":{"allow":["GET"]}}],"collection":[{"href":"https:\/\/stuudiomoobel.ee\/fi\/wp-json\/wp\/v2\/product"}],"about":[{"href":"https:\/\/stuudiomoobel.ee\/fi\/wp-json\/wp\/v2\/types\/product"}],"replies":[{"embeddable":true,"href":"https:\/\/stuudiomoobel.ee\/fi\/wp-json\/wp\/v2\/comments?post=12686"}],"wp:featuredmedia":[{"embeddable":true,"href":"https:\/\/stuudiomoobel.ee\/fi\/wp-json\/wp\/v2\/media\/12687"}],"wp:attachment":[{"href":"https:\/\/stuudiomoobel.ee\/fi\/wp-json\/wp\/v2\/media?parent=12686"}],"wp:term":[{"taxonomy":"product_cat","embeddable":true,"href":"https:\/\/stuudiomoobel.ee\/fi\/wp-json\/wp\/v2\/product_cat?post=12686"},{"taxonomy":"product_tag","embeddable":true,"href":"https:\/\/stuudiomoobel.ee\/fi\/wp-json\/wp\/v2\/product_tag?post=12686"}],"curies":[{"name":"wp","href":"https:\/\/api.w.org\/{rel}","templated":true}]}}