{"id":12676,"date":"2024-06-11T13:59:15","date_gmt":"2024-06-11T10:59:15","guid":{"rendered":"https:\/\/stuudiomoobel.ee\/pood\/Ei-luokiteltu\/tyotaso-valkoinen-kiiltava-4m\/"},"modified":"2024-06-11T13:59:15","modified_gmt":"2024-06-11T10:59:15","slug":"tyotaso-valkoinen-kiiltava-4m","status":"publish","type":"product","link":"https:\/\/stuudiomoobel.ee\/fi\/pood\/keittiot\/tyotasot-valitilan-suojat-sokkelit\/tyotaso-valkoinen-kiiltava-4m\/","title":{"rendered":"Ty\u00f6taso valkoinen kiilt\u00e4v\u00e4 4m"},"content":{"rendered":"","protected":false},"excerpt":{"rendered":"<p>Korkeapainelaminaatti, paksuus 3,8cm, molemmat reunat kantattu, syvyys 60cm.<\/p>\n","protected":false},"featured_media":12678,"comment_status":"closed","ping_status":"closed","template":"","meta":{"inline_featured_image":false},"product_cat":[357],"product_tag":[],"class_list":{"0":"post-12676","1":"product","2":"type-product","3":"status-publish","4":"has-post-thumbnail","6":"product_cat-tyotasot-valitilan-suojat-sokkelit","8":"first","9":"instock","10":"taxable","11":"shipping-taxable","12":"purchasable","13":"product-type-simple"},"_links":{"self":[{"href":"https:\/\/stuudiomoobel.ee\/fi\/wp-json\/wp\/v2\/product\/12676","targetHints":{"allow":["GET"]}}],"collection":[{"href":"https:\/\/stuudiomoobel.ee\/fi\/wp-json\/wp\/v2\/product"}],"about":[{"href":"https:\/\/stuudiomoobel.ee\/fi\/wp-json\/wp\/v2\/types\/product"}],"replies":[{"embeddable":true,"href":"https:\/\/stuudiomoobel.ee\/fi\/wp-json\/wp\/v2\/comments?post=12676"}],"wp:featuredmedia":[{"embeddable":true,"href":"https:\/\/stuudiomoobel.ee\/fi\/wp-json\/wp\/v2\/media\/12678"}],"wp:attachment":[{"href":"https:\/\/stuudiomoobel.ee\/fi\/wp-json\/wp\/v2\/media?parent=12676"}],"wp:term":[{"taxonomy":"product_cat","embeddable":true,"href":"https:\/\/stuudiomoobel.ee\/fi\/wp-json\/wp\/v2\/product_cat?post=12676"},{"taxonomy":"product_tag","embeddable":true,"href":"https:\/\/stuudiomoobel.ee\/fi\/wp-json\/wp\/v2\/product_tag?post=12676"}],"curies":[{"name":"wp","href":"https:\/\/api.w.org\/{rel}","templated":true}]}}