{"id":12667,"date":"2024-09-23T12:06:54","date_gmt":"2024-09-23T09:06:54","guid":{"rendered":"https:\/\/stuudiomoobel.ee\/pood\/Ei-luokiteltu\/wk-15-seinahylly-15cm\/"},"modified":"2024-09-23T12:06:54","modified_gmt":"2024-09-23T09:06:54","slug":"wk-15-seinahylly-15cm","status":"publish","type":"product","link":"https:\/\/stuudiomoobel.ee\/fi\/pood\/keittiot\/keittion-kaapistojen-valinta\/lor-valkoinen-harmaa-beige-oliivi\/wk-15-seinahylly-15cm\/","title":{"rendered":"WK 15 sein\u00e4hylly 15cm"},"content":{"rendered":"<p>Klassisen pohjoismaista tyyli\u00e4 edustavan ajattoman keitti\u00f6n voit viimeistell\u00e4 ELI-, LOR- ja ITA-keitti\u00f6kaapeilla.<\/p>\n<p>Runko: melamiini, 16mm valkoinen.<\/p>\n<p>Keitti\u00f6kaappi toimitetaan paloina ja vaatii kokoamisen.<\/p>\n","protected":false},"excerpt":{"rendered":"<p>Keitti\u00f6n sein\u00e4hylly.<\/p>\n<p>Leveys 15 cm<\/p>\n<p>Korkeus 72 cm tai 94 cm<\/p>\n<p>Syvyys 32 cm<\/p>\n","protected":false},"featured_media":12668,"comment_status":"closed","ping_status":"closed","template":"","meta":{"inline_featured_image":false},"product_cat":[348,349,346,344,352],"product_tag":[],"class_list":{"0":"post-12667","1":"product","2":"type-product","3":"status-publish","4":"has-post-thumbnail","6":"product_cat-eli-valkoinen-vaaleanharmaa-tummanharmaa-vaaleansininen-tummansininen","7":"product_cat-ita-valkoinen","8":"product_cat-keittion-kaapistojen-valinta","9":"product_cat-keittiot","10":"product_cat-lor-valkoinen-harmaa-beige-oliivi","12":"first","13":"instock","14":"taxable","15":"shipping-taxable","16":"purchasable","17":"product-type-variable"},"_links":{"self":[{"href":"https:\/\/stuudiomoobel.ee\/fi\/wp-json\/wp\/v2\/product\/12667","targetHints":{"allow":["GET"]}}],"collection":[{"href":"https:\/\/stuudiomoobel.ee\/fi\/wp-json\/wp\/v2\/product"}],"about":[{"href":"https:\/\/stuudiomoobel.ee\/fi\/wp-json\/wp\/v2\/types\/product"}],"replies":[{"embeddable":true,"href":"https:\/\/stuudiomoobel.ee\/fi\/wp-json\/wp\/v2\/comments?post=12667"}],"wp:featuredmedia":[{"embeddable":true,"href":"https:\/\/stuudiomoobel.ee\/fi\/wp-json\/wp\/v2\/media\/12668"}],"wp:attachment":[{"href":"https:\/\/stuudiomoobel.ee\/fi\/wp-json\/wp\/v2\/media?parent=12667"}],"wp:term":[{"taxonomy":"product_cat","embeddable":true,"href":"https:\/\/stuudiomoobel.ee\/fi\/wp-json\/wp\/v2\/product_cat?post=12667"},{"taxonomy":"product_tag","embeddable":true,"href":"https:\/\/stuudiomoobel.ee\/fi\/wp-json\/wp\/v2\/product_tag?post=12667"}],"curies":[{"name":"wp","href":"https:\/\/api.w.org\/{rel}","templated":true}]}}