{"id":12655,"date":"2024-09-23T12:33:54","date_gmt":"2024-09-23T09:33:54","guid":{"rendered":"https:\/\/stuudiomoobel.ee\/pood\/Ei-luokiteltu\/ita-d-3-valkoinen-alakaappi-30cm\/"},"modified":"2024-09-23T12:33:54","modified_gmt":"2024-09-23T09:33:54","slug":"ita-d-3-valkoinen-alakaappi-30cm","status":"publish","type":"product","link":"https:\/\/stuudiomoobel.ee\/fi\/pood\/keittiot\/keittion-kaapistojen-valinta\/ita-valkoinen\/ita-d-3-valkoinen-alakaappi-30cm\/","title":{"rendered":"ITA D 3 valkoinen alakaappi 30cm"},"content":{"rendered":"<p>Runko: melamiinilevy, 16mm valkoinen.<\/p>\n<p>Etulevyt: laminoitu MDF.<\/p>\n<p>Metalliset kahvat mustat.<\/p>\n<p>Hinta ei sis\u00e4ll\u00e4 ty\u00f6tasoa.<\/p>\n<p>Keitti\u00f6kaappi toimitetaan t\u00e4ydellisen\u00e4 kokonaisuutena ja vaatii kokoamisen.<\/p>\n","protected":false},"excerpt":{"rendered":"<p>Alakaappi yhdell\u00e4 ovella, s\u00e4\u00e4dett\u00e4v\u00e4 juoksevuus.<\/p>\n<p>Leveys 30 cm<\/p>\n<p>Korkeus ilman jalkoja 72 cm \/ jalkojen kanssa 82 cm<\/p>\n<p>Syvyys 54 cm<\/p>\n<p>Alahylly tulee kaapin mukana, s\u00e4\u00e4dett\u00e4v\u00e4t jalat.<\/p>\n","protected":false},"featured_media":12639,"comment_status":"closed","ping_status":"closed","template":"","meta":{"inline_featured_image":false},"product_cat":[349,346,344],"product_tag":[],"class_list":{"0":"post-12655","1":"product","2":"type-product","3":"status-publish","4":"has-post-thumbnail","6":"product_cat-ita-valkoinen","7":"product_cat-keittion-kaapistojen-valinta","8":"product_cat-keittiot","10":"first","11":"instock","12":"taxable","13":"shipping-taxable","14":"purchasable","15":"product-type-simple"},"_links":{"self":[{"href":"https:\/\/stuudiomoobel.ee\/fi\/wp-json\/wp\/v2\/product\/12655","targetHints":{"allow":["GET"]}}],"collection":[{"href":"https:\/\/stuudiomoobel.ee\/fi\/wp-json\/wp\/v2\/product"}],"about":[{"href":"https:\/\/stuudiomoobel.ee\/fi\/wp-json\/wp\/v2\/types\/product"}],"replies":[{"embeddable":true,"href":"https:\/\/stuudiomoobel.ee\/fi\/wp-json\/wp\/v2\/comments?post=12655"}],"wp:featuredmedia":[{"embeddable":true,"href":"https:\/\/stuudiomoobel.ee\/fi\/wp-json\/wp\/v2\/media\/12639"}],"wp:attachment":[{"href":"https:\/\/stuudiomoobel.ee\/fi\/wp-json\/wp\/v2\/media?parent=12655"}],"wp:term":[{"taxonomy":"product_cat","embeddable":true,"href":"https:\/\/stuudiomoobel.ee\/fi\/wp-json\/wp\/v2\/product_cat?post=12655"},{"taxonomy":"product_tag","embeddable":true,"href":"https:\/\/stuudiomoobel.ee\/fi\/wp-json\/wp\/v2\/product_tag?post=12655"}],"curies":[{"name":"wp","href":"https:\/\/api.w.org\/{rel}","templated":true}]}}