{"id":12653,"date":"2024-09-23T13:07:43","date_gmt":"2024-09-23T10:07:43","guid":{"rendered":"https:\/\/stuudiomoobel.ee\/pood\/Ei-luokiteltu\/ita-ds-8-3-laatikkolaatikko-kolmella-laatikolla-80cm-hiljainen-sulkeutuminen\/"},"modified":"2024-09-23T13:07:43","modified_gmt":"2024-09-23T10:07:43","slug":"ita-ds-8-3-laatikkolaatikko-kolmella-laatikolla-80cm-hiljainen-sulkeutuminen","status":"publish","type":"product","link":"https:\/\/stuudiomoobel.ee\/fi\/pood\/keittiot\/keittion-kaapistojen-valinta\/ita-valkoinen\/ita-ds-8-3-laatikkolaatikko-kolmella-laatikolla-80cm-hiljainen-sulkeutuminen\/","title":{"rendered":"ITA DS 8\/3 laatikkolaatikko kolmella laatikolla 80cm hiljainen sulkeutuminen"},"content":{"rendered":"<p>Runko: melamiinilevy, 16mm valkoinen.<\/p>\n<p>Etulevyt: laminoitu MDF.<\/p>\n<p>Metalliset kahvat, musta v\u00e4ri.<\/p>\n<p>Keitti\u00f6kaappi toimitetaan pakettina ja vaatii kokoamisen.<\/p>\n","protected":false},"excerpt":{"rendered":"<p>Kaapissa on kolme pehme\u00e4sti sulkeutuvaa laatikkoa.<\/p>\n<p>Leveys 80 cm<\/p>\n<p>Korkeus ilman jalkoja 72 cm \/ jalkojen kanssa 82 cm<\/p>\n<p>Syvyys 54 cm<\/p>\n<p>Mukana alahylly, s\u00e4\u00e4dett\u00e4v\u00e4t jalat.<\/p>\n","protected":false},"featured_media":12648,"comment_status":"closed","ping_status":"closed","template":"","meta":{"inline_featured_image":false},"product_cat":[349,346,344],"product_tag":[],"class_list":{"0":"post-12653","1":"product","2":"type-product","3":"status-publish","4":"has-post-thumbnail","6":"product_cat-ita-valkoinen","7":"product_cat-keittion-kaapistojen-valinta","8":"product_cat-keittiot","10":"first","11":"instock","12":"taxable","13":"shipping-taxable","14":"purchasable","15":"product-type-simple"},"_links":{"self":[{"href":"https:\/\/stuudiomoobel.ee\/fi\/wp-json\/wp\/v2\/product\/12653","targetHints":{"allow":["GET"]}}],"collection":[{"href":"https:\/\/stuudiomoobel.ee\/fi\/wp-json\/wp\/v2\/product"}],"about":[{"href":"https:\/\/stuudiomoobel.ee\/fi\/wp-json\/wp\/v2\/types\/product"}],"replies":[{"embeddable":true,"href":"https:\/\/stuudiomoobel.ee\/fi\/wp-json\/wp\/v2\/comments?post=12653"}],"wp:featuredmedia":[{"embeddable":true,"href":"https:\/\/stuudiomoobel.ee\/fi\/wp-json\/wp\/v2\/media\/12648"}],"wp:attachment":[{"href":"https:\/\/stuudiomoobel.ee\/fi\/wp-json\/wp\/v2\/media?parent=12653"}],"wp:term":[{"taxonomy":"product_cat","embeddable":true,"href":"https:\/\/stuudiomoobel.ee\/fi\/wp-json\/wp\/v2\/product_cat?post=12653"},{"taxonomy":"product_tag","embeddable":true,"href":"https:\/\/stuudiomoobel.ee\/fi\/wp-json\/wp\/v2\/product_tag?post=12653"}],"curies":[{"name":"wp","href":"https:\/\/api.w.org\/{rel}","templated":true}]}}