{"id":12643,"date":"2024-09-23T12:52:08","date_gmt":"2024-09-23T09:52:08","guid":{"rendered":"https:\/\/stuudiomoobel.ee\/pood\/Ei-luokiteltu\/ita-d-8-valkoinen-alakaappi-80cm\/"},"modified":"2024-09-23T12:52:08","modified_gmt":"2024-09-23T09:52:08","slug":"ita-d-8-valkoinen-alakaappi-80cm","status":"publish","type":"product","link":"https:\/\/stuudiomoobel.ee\/fi\/pood\/keittiot\/keittion-kaapistojen-valinta\/ita-valkoinen\/ita-d-8-valkoinen-alakaappi-80cm\/","title":{"rendered":"ITA D 8 valkoinen alakaappi 80cm"},"content":{"rendered":"<p>Runko: melamiinilevy, 16mm valkoinen.<\/p>\n<p>Etulevyt: laminoitu MDF.<\/p>\n<p>Metalliset kahvat, musta v\u00e4ri.<\/p>\n<p>Keitti\u00f6kaappi toimitetaan pakettina ja vaatii kokoamisen.<\/p>\n","protected":false},"excerpt":{"rendered":"<p>Kaapissa on kaksi ovea.<\/p>\n<p>Leveys 80 cm<\/p>\n<p>Korkeus ilman jalkoja 72 cm \/ jalkojen kanssa 82 cm<\/p>\n<p>Syvyys 54 cm<\/p>\n<p>Mukana perushylly, s\u00e4\u00e4dett\u00e4v\u00e4t jalat.<\/p>\n","protected":false},"featured_media":12642,"comment_status":"closed","ping_status":"closed","template":"","meta":{"inline_featured_image":false},"product_cat":[349,346,344],"product_tag":[],"class_list":{"0":"post-12643","1":"product","2":"type-product","3":"status-publish","4":"has-post-thumbnail","6":"product_cat-ita-valkoinen","7":"product_cat-keittion-kaapistojen-valinta","8":"product_cat-keittiot","10":"first","11":"instock","12":"taxable","13":"shipping-taxable","14":"purchasable","15":"product-type-simple"},"_links":{"self":[{"href":"https:\/\/stuudiomoobel.ee\/fi\/wp-json\/wp\/v2\/product\/12643","targetHints":{"allow":["GET"]}}],"collection":[{"href":"https:\/\/stuudiomoobel.ee\/fi\/wp-json\/wp\/v2\/product"}],"about":[{"href":"https:\/\/stuudiomoobel.ee\/fi\/wp-json\/wp\/v2\/types\/product"}],"replies":[{"embeddable":true,"href":"https:\/\/stuudiomoobel.ee\/fi\/wp-json\/wp\/v2\/comments?post=12643"}],"wp:featuredmedia":[{"embeddable":true,"href":"https:\/\/stuudiomoobel.ee\/fi\/wp-json\/wp\/v2\/media\/12642"}],"wp:attachment":[{"href":"https:\/\/stuudiomoobel.ee\/fi\/wp-json\/wp\/v2\/media?parent=12643"}],"wp:term":[{"taxonomy":"product_cat","embeddable":true,"href":"https:\/\/stuudiomoobel.ee\/fi\/wp-json\/wp\/v2\/product_cat?post=12643"},{"taxonomy":"product_tag","embeddable":true,"href":"https:\/\/stuudiomoobel.ee\/fi\/wp-json\/wp\/v2\/product_tag?post=12643"}],"curies":[{"name":"wp","href":"https:\/\/api.w.org\/{rel}","templated":true}]}}