{"id":12539,"date":"2025-02-04T08:34:13","date_gmt":"2025-02-04T06:34:13","guid":{"rendered":"https:\/\/stuudiomoobel.ee\/pood\/Ei-luokiteltu\/lan-sarja-beige-255m\/"},"modified":"2026-04-10T17:00:02","modified_gmt":"2026-04-10T14:00:02","slug":"lan-sarja-beige-255m","status":"publish","type":"product","link":"https:\/\/stuudiomoobel.ee\/fi\/pood\/keittiot\/keittion-kaapistojen-valinta\/lan-tummanharmaa-beige-puun-savy\/lan-sarja-beige-255m\/","title":{"rendered":"LAN-sarja beige 2,55m"},"content":{"rendered":"","protected":false},"excerpt":{"rendered":"<p>Alaosa 2,55 m: 60 cm:n allaskaappi, 60 cm:n vetolaatikkoyksikk\u00f6, jossa kolme laatikkoa, 45 cm:n integroitu astianpesukoneen ovi, 30 cm:n kaappi, 60 cm:n integroitu uuni ja mikroaaltouuni. Kaapin korkeus 82cm, lis\u00e4ksi ty\u00f6taso 3,8cm. <\/p>\n<p>Yl\u00e4osa 2,55 m: 60 cm:n kaappi ilmapuhaltimelle, 60 cm:n kaappi, 45 cm:n kaappi, 30 cm:n kaappi ja 60 cm:n uuni ja mikrotorni. Kaappien korkeus on 72 cm, syvyys 32 cm.<\/p>\n<p>Kaapien j\u00e4rjestyst\u00e4 voidaan muuttaa.<\/p>\n<p>Kaapin runko puunv\u00e4rinen. Kaapin ovet beige, saatavana my\u00f6s tummanharmaana. <\/p>\n<p>Ty\u00f6taso puunv\u00e4rinen, kuten kaapin runko.<\/p>\n<p>Ty\u00f6tason vaihtoehdot: https:\/\/stuudiomoobel.ee\/tootekategooria\/koogid\/koogitasapinnad\/<\/p>\n<p>Hintaan ei sis\u00e4lly hana, sekoitin ja pesuallas, takasein\u00e4 eik\u00e4 LED-valaistus.<\/p>\n","protected":false},"featured_media":12541,"comment_status":"closed","ping_status":"closed","template":"","meta":{"inline_featured_image":false},"product_cat":[356,350],"product_tag":[],"class_list":{"0":"post-12539","1":"product","2":"type-product","3":"status-publish","4":"has-post-thumbnail","6":"product_cat-keittiokalustesetit","7":"product_cat-lan-tummanharmaa-beige-puun-savy","9":"first","10":"instock","11":"taxable","12":"shipping-taxable","13":"purchasable","14":"product-type-simple"},"_links":{"self":[{"href":"https:\/\/stuudiomoobel.ee\/fi\/wp-json\/wp\/v2\/product\/12539","targetHints":{"allow":["GET"]}}],"collection":[{"href":"https:\/\/stuudiomoobel.ee\/fi\/wp-json\/wp\/v2\/product"}],"about":[{"href":"https:\/\/stuudiomoobel.ee\/fi\/wp-json\/wp\/v2\/types\/product"}],"replies":[{"embeddable":true,"href":"https:\/\/stuudiomoobel.ee\/fi\/wp-json\/wp\/v2\/comments?post=12539"}],"wp:featuredmedia":[{"embeddable":true,"href":"https:\/\/stuudiomoobel.ee\/fi\/wp-json\/wp\/v2\/media\/12541"}],"wp:attachment":[{"href":"https:\/\/stuudiomoobel.ee\/fi\/wp-json\/wp\/v2\/media?parent=12539"}],"wp:term":[{"taxonomy":"product_cat","embeddable":true,"href":"https:\/\/stuudiomoobel.ee\/fi\/wp-json\/wp\/v2\/product_cat?post=12539"},{"taxonomy":"product_tag","embeddable":true,"href":"https:\/\/stuudiomoobel.ee\/fi\/wp-json\/wp\/v2\/product_tag?post=12539"}],"curies":[{"name":"wp","href":"https:\/\/api.w.org\/{rel}","templated":true}]}}