{"id":12531,"date":"2025-01-22T19:52:50","date_gmt":"2025-01-22T17:52:50","guid":{"rendered":"https:\/\/stuudiomoobel.ee\/pood\/Ei-luokiteltu\/integroitu-astianpesukone-60cm-electrolux-ees27200l\/"},"modified":"2025-01-22T19:52:50","modified_gmt":"2025-01-22T17:52:50","slug":"integroitu-astianpesukone-60cm-electrolux-ees27200l","status":"publish","type":"product","link":"https:\/\/stuudiomoobel.ee\/fi\/pood\/kodinkoneet\/integroitu-astianpesukone-60cm-electrolux-ees27200l\/","title":{"rendered":"Integroitu astianpesukone 60cm Electrolux EES27200L"},"content":{"rendered":"<table dir=\"ltr\" border=\"1\" cellspacing=\"0\" cellpadding=\"0\">\n<tbody>\n<tr>\n<td>Tavaramerkki<\/td>\n<td>Electrolux<\/td>\n<\/tr>\n<tr>\n<td>Nettopaino (kg)<\/td>\n<td>34<\/td>\n<\/tr>\n<tr>\n<td>Tyyppi<\/td>\n<td>\n<div>\n<div>Integroitu etupaneeli 60 cm<\/div>\n<\/div>\n<\/td>\n<\/tr>\n<tr>\n<td>Energialuokka<\/td>\n<td>E<\/td>\n<\/tr>\n<tr>\n<td>Vedenkulutus (l)<\/td>\n<td>9.9<\/td>\n<\/tr>\n<tr>\n<td>Kapasiteetti (astiasarjat)<\/td>\n<td>13<\/td>\n<\/tr>\n<tr>\n<td>Melutaso (dB)<\/td>\n<td>46<\/td>\n<\/tr>\n<tr>\n<td>Displei<\/td>\n<td>On<\/td>\n<\/tr>\n<tr>\n<td>Pesuohjelmien m\u00e4\u00e4r\u00e4<\/td>\n<td>6<\/td>\n<\/tr>\n<tr>\n<td>Pesul\u00e4mp\u00f6tilojen m\u00e4\u00e4r\u00e4<\/td>\n<td>3<\/td>\n<\/tr>\n<tr>\n<td>S\u00e4\u00e4dett\u00e4v\u00e4 istuintuki<\/td>\n<td>Osoitteessa<\/td>\n<\/tr>\n<tr>\n<td>3 koritasoa<\/td>\n<td>Ei ole<\/td>\n<\/tr>\n<tr>\n<td>Korkeus (mm)<\/td>\n<td>818<\/td>\n<\/tr>\n<tr>\n<td>Leveys (mm)<\/td>\n<td>600<\/td>\n<\/tr>\n<tr>\n<td>Syvyys (mm)<\/td>\n<td>550<\/td>\n<\/tr>\n<tr>\n<td>Sis\u00e4valaistus<\/td>\n<td>Ei ole<\/td>\n<\/tr>\n<\/tbody>\n<\/table>\n","protected":false},"excerpt":{"rendered":"<p>Tavaramerkki Electrolux Nettopaino (kg) 34 Tyyppi Integroitu etupaneeli 60 cm Energialuokka E Vedenkulutus (l) 9.9 Kapasiteetti (astiasarjat) 13 Melutaso (dB) 46 Displei On Pesuohjelmien m\u00e4\u00e4r\u00e4 6 Pesul\u00e4mp\u00f6tilojen m\u00e4\u00e4r\u00e4 3 S\u00e4\u00e4dett\u00e4v\u00e4 istuintuki Osoitteessa 3 koritasoa Ei ole Korkeus (mm) 818 Leveys (mm) 600 Syvyys (mm) 550 Sis\u00e4valaistus Ei ole<\/p>\n","protected":false},"featured_media":12536,"comment_status":"closed","ping_status":"closed","template":"","meta":{"inline_featured_image":false},"product_cat":[360],"product_tag":[],"class_list":{"0":"post-12531","1":"product","2":"type-product","3":"status-publish","4":"has-post-thumbnail","6":"product_cat-kodinkoneet","8":"first","9":"instock","10":"taxable","11":"shipping-taxable","12":"purchasable","13":"product-type-simple"},"_links":{"self":[{"href":"https:\/\/stuudiomoobel.ee\/fi\/wp-json\/wp\/v2\/product\/12531","targetHints":{"allow":["GET"]}}],"collection":[{"href":"https:\/\/stuudiomoobel.ee\/fi\/wp-json\/wp\/v2\/product"}],"about":[{"href":"https:\/\/stuudiomoobel.ee\/fi\/wp-json\/wp\/v2\/types\/product"}],"replies":[{"embeddable":true,"href":"https:\/\/stuudiomoobel.ee\/fi\/wp-json\/wp\/v2\/comments?post=12531"}],"wp:featuredmedia":[{"embeddable":true,"href":"https:\/\/stuudiomoobel.ee\/fi\/wp-json\/wp\/v2\/media\/12536"}],"wp:attachment":[{"href":"https:\/\/stuudiomoobel.ee\/fi\/wp-json\/wp\/v2\/media?parent=12531"}],"wp:term":[{"taxonomy":"product_cat","embeddable":true,"href":"https:\/\/stuudiomoobel.ee\/fi\/wp-json\/wp\/v2\/product_cat?post=12531"},{"taxonomy":"product_tag","embeddable":true,"href":"https:\/\/stuudiomoobel.ee\/fi\/wp-json\/wp\/v2\/product_tag?post=12531"}],"curies":[{"name":"wp","href":"https:\/\/api.w.org\/{rel}","templated":true}]}}